{"id":8,"date":"2023-02-01T21:35:15","date_gmt":"2023-02-01T21:35:15","guid":{"rendered":"https:\/\/lesaulerieur.com\/?page_id=8"},"modified":"2025-07-31T15:52:57","modified_gmt":"2025-07-31T15:52:57","slug":"team","status":"publish","type":"page","link":"https:\/\/lesaulerieur.com\/en\/team\/","title":{"rendered":"Team"},"content":{"rendered":"<div style=\"height:0px\" aria-hidden=\"true\" class=\"wp-block-spacer gutenify-section-bea81010-e3be-11ed-9dee-17df3004d2c1 gtfy-1\"><\/div>\n\n\n\n<div class=\"wp-block-essential-blocks-advanced-heading gutenify-section-9e1e7100-661b-11ef-9b7f-e72635f8259a  root-eb-advance-heading-1zuph gtfy-4\"><div class=\"eb-parent-wrapper eb-parent-eb-advance-heading-1zuph\"><div class=\"eb-advance-heading-wrapper eb-advance-heading-1zuph button-1 undefined\" data-id=\"eb-advance-heading-1zuph\"><h1 class=\"eb-ah-title\"><span class=\"first-title\"><strong>The team of <span style=\"color:#1db460;\">Laughing Sun<\/span> we accompany you all the way <span style=\"color:#1db460;\">transformation<\/span><\/strong><\/span><\/h1><\/div><\/div><\/div>\n\n\n\n<div style=\"height:25px\" aria-hidden=\"true\" class=\"wp-block-spacer gutenify-section-24f5d240-66ad-11ef-9b7f-e72635f8259a gtfy-7\"><\/div>\n\n\n\n<div class=\"wp-block-essential-blocks-row alignfull  root-eb-row-vysl1 gtfy-17\"><div class=\"eb-parent-wrapper eb-parent-eb-row-vysl1\"><div class=\"eb-row-root-container eb-row-vysl1\" data-id=\"eb-row-vysl1\"><div class=\"eb-row-wrapper\"><div class=\"eb-row-inner\">\n<div class=\"wp-block-essential-blocks-column  root-eb-column-6gkwd gtfy-16\"><div class=\"eb-parent-wrapper eb-parent-eb-column-6gkwd\"><div class=\"eb-column-wrapper eb-column-6gkwd\"><div class=\"eb-column-inner\">\n<div class=\"wp-block-essential-blocks-advanced-heading gutenify-section-9e1e7100-661b-11ef-9b7f-e72635f8259a  root-eb-advance-heading-pmnvj gtfy-10\"><div class=\"eb-parent-wrapper eb-parent-eb-advance-heading-pmnvj\"><div class=\"eb-advance-heading-wrapper eb-advance-heading-pmnvj button-1 undefined\" data-id=\"eb-advance-heading-pmnvj\"><p class=\"eb-ah-title\"><span class=\"first-title\"><strong>Over 150 years of combined leadership expertise<\/strong><\/span><\/p><\/div><\/div><\/div>\n\n\n\n<ul class=\"wp-block-list gtfy-15\">\n<li class=\"gtfy-11 gutenify-list-item\">Multilingual (English, French, Spanish, German).<\/li>\n\n\n\n<li class=\"gtfy-12 gutenify-list-item\">Extensive experience across various sectors and within multi-dimensional organisations: marketing, sales, purchasing, human resources, up to general management positions.<\/li>\n\n\n\n<li class=\"gtfy-13 gutenify-list-item\">Globally recognised certifications (ICF ACC\/PCC, EMCC, RNCP\u2026) and a range of coaching tools (NLP, Process Communication Model, TA, Hudson\u2026).<\/li>\n\n\n\n<li class=\"gtfy-14 gutenify-list-item\">What we prioritise above all is an authentic and meaningful coaching relationship. The tools are merely levers to serve the objectives defined together.<\/li>\n<\/ul>\n<\/div><\/div><\/div><\/div>\n<\/div><\/div><\/div><\/div><\/div>\n\n\n\n<div style=\"height:40px\" aria-hidden=\"true\" class=\"wp-block-spacer gutenify-section-24f5d240-66ad-11ef-9b7f-e72635f8259a gtfy-20\"><\/div>\n\n\n\n<div class=\"wp-block-essential-blocks-row alignfull gutenify-section-bf043990-661b-11ef-9b7f-e72635f8259a  root-eb-row-fx9hj gtfy-29\"><div class=\"eb-parent-wrapper eb-parent-eb-row-fx9hj\"><div class=\"eb-row-root-container eb-row-fx9hj\" data-id=\"eb-row-fx9hj\"><div class=\"eb-row-wrapper\"><div class=\"eb-row-inner\">\n<div class=\"wp-block-essential-blocks-column gutenify-section-bfd03c20-661b-11ef-9b7f-e72635f8259a  root-eb-column-blx7w gtfy-24\"><div class=\"eb-parent-wrapper eb-parent-eb-column-blx7w\"><div class=\"eb-column-wrapper eb-column-blx7w\"><div class=\"eb-column-inner\">\n<div class=\"wp-block-essential-blocks-advanced-image gutenify-section-d1701b30-661b-11ef-9b7f-e72635f8259a  root-eb-advanced-image-stb6q gtfy-23\"><div class=\"eb-parent-wrapper eb-parent-eb-advanced-image-stb6q\"><figure class=\"eb-advanced-image-wrapper eb-advanced-image-stb6q no-effect\" data-id=\"eb-advanced-image-stb6q\"><div class=\"eb-image-wrapper\"><div class=\"eb-image-wrapper-inner eb-img-style-rounded\"><img decoding=\"async\" src=\"https:\/\/lesaulerieur.com\/wp-content\/uploads\/2023\/04\/Anita_Cassagne_coaching.jpg\" alt=\"\"\/><\/div><\/div><\/figure><\/div><\/div>\n<\/div><\/div><\/div><\/div>\n\n\n\n<div class=\"wp-block-essential-blocks-column gutenify-section-bfd719f0-661b-11ef-9b7f-e72635f8259a  root-eb-column-z98yq gtfy-28\"><div class=\"eb-parent-wrapper eb-parent-eb-column-z98yq\"><div class=\"eb-column-wrapper eb-column-z98yq\"><div class=\"eb-column-inner\">\n<div class=\"wp-block-essential-blocks-advanced-heading gutenify-section-db88a3d0-661b-11ef-9b7f-e72635f8259a  root-eb-advance-heading-nz5ve gtfy-25\"><div class=\"eb-parent-wrapper eb-parent-eb-advance-heading-nz5ve\"><div class=\"eb-advance-heading-wrapper eb-advance-heading-nz5ve button-1 undefined\" data-id=\"eb-advance-heading-nz5ve\"><p class=\"eb-ah-title\"><span class=\"first-title\"><strong>Anita Cassagne, founder of Le Saule Rieur\u00a0<\/strong><\/span><\/p><\/div><\/div><\/div>\n\n\n\n<div class=\"wp-block-essential-blocks-advanced-heading gutenify-section-fc3beab0-661b-11ef-9b7f-e72635f8259a  root-eb-advance-heading-kig9y gtfy-26\"><div class=\"eb-parent-wrapper eb-parent-eb-advance-heading-kig9y\"><div class=\"eb-advance-heading-wrapper eb-advance-heading-kig9y button-1 undefined\" data-id=\"eb-advance-heading-kig9y\"><p class=\"eb-ah-title\"><span class=\"first-title\"><strong>Leadership development specialist at all organisational levels, senior trainer and facilitator<\/strong>.  <br><br><strong>Professional Coach (ACC ICF RNCP) trained at International Moza\u00efk, the School of Becoming<\/strong>.  <strong>Dual French and Australian nationality. <\/strong><br><br><strong>Founder of the Le Saule Rieur agency, associate of the \u00c9quilibre network of agencies. <\/strong><br><br><strong>Over 35 years of experience in international environments, including more than 20 years in human resources management<\/strong>.  <br><br><strong>Certified in Process Communication Model (PCM), MBTI, HBDI, TMSDi tools.<\/strong><br><br><br><\/span><\/p><\/div><\/div><\/div>\n\n\n\n<style class=\"gtfy-27\">\n    html {\n        scroll-behavior: smooth;\n    }\n\n    .root-eb-button-n1lay {\n        display: flex;\n        justify-content: flex-start; \n    }\n\n    .eb-button-anchor {\n        display: inline-block;\n        background-color: #28a745 !important; \n        color: white;\n        padding: 12px 24px;\n        border-radius: 5px;\n        text-decoration: none;\n        font-size: 16px;\n        font-weight: bold;\n        transition: background-color 0.3s ease;\n    }\n\n    .eb-button-anchor:hover {\n        background-color: #218838; \n    }\n<\/style>\n\n<div class=\"wp-block-essential-blocks-button root-eb-button-n1lay gutenify-section-110f0850-661c-11ef-9b7f-e72635f8259a\">\n    <div class=\"eb-parent-wrapper eb-parent-eb-button-n1lay\">\n        <div class=\"eb-button-wrapper eb-button-alignment eb-button-n1lay\">\n            <div class=\"eb-button\"><br><br>\n                <a class=\"eb-button-anchor\" href=\"#anita\" rel=\"noopener\">Find out more about Anita<\/a>\n            <\/div>\n        <\/div>\n    <\/div>\n<\/div>\n<\/div><\/div><\/div><\/div>\n<\/div><\/div><\/div><\/div><\/div>\n\n\n\n<div style=\"height:40px\" aria-hidden=\"true\" class=\"wp-block-spacer gutenify-section-24f5d240-66ad-11ef-9b7f-e72635f8259a gtfy-32\"><\/div>\n\n\n\n<div class=\"wp-block-essential-blocks-row alignfull  root-eb-row-cm9h6 gtfy-37\"><div class=\"eb-parent-wrapper eb-parent-eb-row-cm9h6\"><div class=\"eb-row-root-container eb-row-cm9h6\" data-id=\"eb-row-cm9h6\"><div class=\"eb-row-wrapper\"><div class=\"eb-row-inner\">\n<div class=\"wp-block-essential-blocks-column  root-eb-column-cj2zi gtfy-36\"><div class=\"eb-parent-wrapper eb-parent-eb-column-cj2zi\"><div class=\"eb-column-wrapper eb-column-cj2zi\"><div class=\"eb-column-inner\">\n<div class=\"wp-block-essential-blocks-advanced-heading gutenify-section-a53d68b0-661b-11ef-9b7f-e72635f8259a  root-eb-advance-heading-cl5qv gtfy-35\"><div class=\"eb-parent-wrapper eb-parent-eb-advance-heading-cl5qv\"><div class=\"eb-advance-heading-wrapper eb-advance-heading-cl5qv button-1 undefined\" data-id=\"eb-advance-heading-cl5qv\"><p class=\"eb-ah-title\"><span class=\"first-title\">Le Saule Rieur a de solides fondations et connexions. Il cr\u00e9e des <a href=\"https:\/\/lesaulerieur.com\/en\/team\/\">alliances<\/a> avec des professionnel.les ayant des exp\u00e9riences diversifi\u00e9es, et des parcours d\u2019apprentissages riches. Ensemble, nous sommes \u00e9quip\u00e9s et curieux pour accompagner les leaders de tous les secteurs.<br><br>\u00c0 travers notre accompagnement, nous souhaitons aussi que vous deveniez votre propre saule rieur!<br><\/span><\/p><\/div><\/div><\/div>\n<\/div><\/div><\/div><\/div>\n<\/div><\/div><\/div><\/div><\/div>\n\n\n\n<div style=\"height:100px\" aria-hidden=\"true\" class=\"wp-block-spacer gutenify-section-24f5d240-66ad-11ef-9b7f-e72635f8259a gtfy-40\"><\/div>\n\n\n\n<div class=\"wp-block-essential-blocks-advanced-heading gutenify-section-afaf0dd0-661b-11ef-9b7f-e72635f8259a  root-eb-advance-heading-gcpv2 gtfy-43\"><div class=\"eb-parent-wrapper eb-parent-eb-advance-heading-gcpv2\"><div class=\"eb-advance-heading-wrapper eb-advance-heading-gcpv2 button-1 undefined\" data-id=\"eb-advance-heading-gcpv2\"><h1 class=\"eb-ah-title\"><span class=\"first-title\">The team<\/span><\/h1><\/div><\/div><\/div>\n\n\n\n<div style=\"height:24px\" aria-hidden=\"true\" class=\"wp-block-spacer gutenify-section-bed30310-66ad-11ef-9b7f-e72635f8259a gtfy-46\"><\/div>\n\n\n\n<!DOCTYPE html>\n<html class=\"gtfy-49\" lang=\"fr\">\n<head>\n    <meta charset=\"UTF-8\">\n    <meta name=\"viewport\" content=\"width=device-width, initial-scale=1.0\">\n    <title>Our Team<\/title>\n    <style>\n        body {\n            font-family: Arial, sans-serif;\n            background-color: #f8f9fa;\n            margin: 0;\n            padding: 20px;\n        }\n        .team-container {\n            display: flex;\n            flex-wrap: wrap;\n            justify-content: space-around;\n            gap: 32px;\n            max-width: 1200px;\n            margin: 0 auto;\n        }\n        .team-member {\n            position: relative;\n            width: 240px;\n            text-align: center;\n            cursor: pointer;\n            background: rgba(29,180,96,1);\n            border-radius: 16px;\n            box-shadow: 0 6px 16px rgba(0,0,0,0.07);\n            overflow: hidden;\n            transition: transform 0.25s cubic-bezier(.39,.58,.57,1.17), box-shadow 0.25s;\n            padding-bottom: 20px;\n        }\n        .team-member:hover {\n            transform: translateY(-7px) scale(1.04);\n            box-shadow: 0 10px 22px rgba(0,0,0,0.16);\n        }\n        .team-member img {\n            height: 300px;\n            width: 100%;\n            object-fit: cover;\n            border-radius: 16px 16px 0 0;\n            display: block;\n            filter: grayscale(100%);\n            transition: filter 0.4s;\n            background: #fff;\n        }\n        .team-member:hover img {\n            filter: grayscale(0%) brightness(1.04);\n        }\n        .team-member h3 {\n            margin: 18px 0 6px 0;\n            font-size: 22px;\n            color: #fff;\n            letter-spacing: .02em;\n            font-weight: 800;\n            line-height: 1.1;\n        }\n        .team-member h4 {\n            margin: 0;\n            font-size: 14px;\n            color: #fff;\n            opacity: .88;\n            font-weight: 500;\n        }\n        @media (max-width: 1000px) {\n            .team-member { width: 45%; }\n        }\n        @media (max-width: 700px) {\n            .team-container { gap: 18px; }\n            .team-member { width: 100%; }\n            .team-member img { height: 220px; }\n        }\n    <\/style>\n<\/head>\n<body>\n    <div class=\"team-container\">\n\n        <a class=\"team-member\" href=\"https:\/\/lesaulerieur.com\/en\/anita-cassagne\/\" id=\"anita\" target=\"_blank\">\n            <img decoding=\"async\" src=\"https:\/\/lesaulerieur.com\/wp-content\/uploads\/2023\/04\/Anita_Cassagne_coaching.jpg\" alt=\"Anita Cassagne\">\n            <h3>Anita Cassagne<\/h3>\n            <h4>View profile<\/h4>\n        <\/a>\n        <a class=\"team-member\" href=\"https:\/\/lesaulerieur.com\/en\/danae-macha\/\" target=\"_blank\">\n            <img decoding=\"async\" src=\"https:\/\/lesaulerieur.com\/wp-content\/uploads\/2024\/09\/Danae.jpg\" alt=\"Dana\u00eb M\u00e2che\">\n            <h3>Dana\u00eb M\u00e2che<\/h3>\n            <h4>View profile<\/h4>\n        <\/a>\n        <a class=\"team-member\" href=\"https:\/\/lesaulerieur.com\/en\/lionel-sarrue\/\" target=\"_blank\">\n            <img decoding=\"async\" src=\"https:\/\/lesaulerieur.com\/wp-content\/uploads\/2023\/02\/lionel-sarrue.png\" alt=\"Lionel Sarrue\">\n            <h3>Lionel Sarrue<\/h3>\n            <h4>View profile<\/h4>\n        <\/a>\n        <a class=\"team-member\" href=\"https:\/\/lesaulerieur.com\/en\/lea-gouider\/\" target=\"_blank\">\n            <img decoding=\"async\" src=\"https:\/\/lesaulerieur.com\/wp-content\/uploads\/2024\/08\/photo-Lea-1.png\" alt=\"L\u00e9a Gouider\">\n            <h3>L\u00e9a Gouider<\/h3>\n            <h4>View profile<\/h4>\n        <\/a>\n        <a class=\"team-member\" href=\"https:\/\/lesaulerieur.com\/en\/isabelle-coudray\/\" target=\"_blank\">\n            <img decoding=\"async\" src=\"https:\/\/lesaulerieur.com\/wp-content\/uploads\/2025\/07\/isabellecoudrayphoto-1.png\" alt=\"Isabelle Coudray\">\n            <h3>Isabelle Coudray<\/h3>\n            <h4>View profile<\/h4>\n        <\/a>\n        <a class=\"team-member\" href=\"https:\/\/lesaulerieur.com\/en\/morgan-nanibet\/\" target=\"_blank\">\n            <img decoding=\"async\" src=\"https:\/\/lesaulerieur.com\/wp-content\/uploads\/2025\/07\/photo-Morgan-Nanibet.jpg\" alt=\"Morgan Nanibet\">\n            <h3>Morgan Nanibet<\/h3>\n            <h4>View profile<\/h4>\n        <\/a>\n        <a class=\"team-member\" href=\"https:\/\/lesaulerieur.com\/en\/jorge-torres\/\" target=\"_blank\">\n            <img decoding=\"async\" src=\"https:\/\/lesaulerieur.com\/wp-content\/uploads\/2023\/03\/Jorge-Torres-Cuevas.png\" alt=\"Jorge Torres\">\n            <h3>Jorge Torres<\/h3>\n            <h4>View profile<\/h4>\n        <\/a>\n        <a class=\"team-member\" href=\"https:\/\/lesaulerieur.com\/en\/emmanuelle-leroux\/\" target=\"_blank\">\n            <img decoding=\"async\" src=\"https:\/\/lesaulerieur.com\/wp-content\/uploads\/2023\/02\/Emmanuelle-Leroux.png\" alt=\"Emmanuelle Leroux\">\n            <h3>Emmanuelle Leroux<\/h3>\n            <h4>View profile<\/h4>\n        <\/a>\n        <a class=\"team-member\" href=\"https:\/\/lesaulerieur.com\/en\/ruth-gertler\/\" target=\"_blank\">\n            <img decoding=\"async\" src=\"https:\/\/lesaulerieur.com\/wp-content\/uploads\/2025\/07\/ruth-photo-bio.jpg\" alt=\"Ruth Gertler\">\n            <h3>Ruth Gertler<\/h3>\n            <h4>View profile<\/h4>\n        <\/a>\n\n    <\/div>\n<\/body>\n<\/html>\n\n\n\n<p class=\"gutenify-section-24613220-8232-11ef-83b0-ad62716dd1dc gtfy-52\"><\/p>\n\n\n\n<p class=\"gutenify-section-3e960710-8232-11ef-83b0-ad62716dd1dc gtfy-55\"><\/p>","protected":false},"excerpt":{"rendered":"<p>Notre \u00c9quipe Anita Cassagne Voir le profil Dana\u00e9 M\u00e2che Voir le profil Lionel Sarrue Voir [&hellip;]<\/p>\n","protected":false},"author":1,"featured_media":0,"parent":0,"menu_order":0,"comment_status":"closed","ping_status":"closed","template":"","meta":{"_acf_changed":false,"_eb_attr":"","footnotes":""},"class_list":["post-8","page","type-page","status-publish","hentry"],"acf":[],"yoast_head":"<!-- This site is optimized with the Yoast SEO plugin v27.4 - https:\/\/yoast.com\/product\/yoast-seo-wordpress\/ -->\n<title>\u00c9quipe - Lesaulerieur<\/title>\n<meta name=\"robots\" content=\"index, follow, max-snippet:-1, max-image-preview:large, max-video-preview:-1\" \/>\n<link rel=\"canonical\" href=\"https:\/\/lesaulerieur.com\/en\/team\/\" \/>\n<meta property=\"og:locale\" content=\"en_GB\" \/>\n<meta property=\"og:type\" content=\"article\" \/>\n<meta property=\"og:title\" content=\"\u00c9quipe - Lesaulerieur\" \/>\n<meta property=\"og:description\" content=\"Notre \u00c9quipe Anita Cassagne Voir le profil Dana\u00e9 M\u00e2che Voir le profil Lionel Sarrue Voir [&hellip;]\" \/>\n<meta property=\"og:url\" content=\"https:\/\/lesaulerieur.com\/en\/team\/\" \/>\n<meta property=\"og:site_name\" content=\"Lesaulerieur\" \/>\n<meta property=\"article:modified_time\" content=\"2025-07-31T15:52:57+00:00\" \/>\n<meta property=\"og:image\" content=\"https:\/\/lesaulerieur.com\/wp-content\/uploads\/2023\/04\/Anita_Cassagne_coaching.jpg\" \/>\n<meta name=\"twitter:card\" content=\"summary_large_image\" \/>\n<meta name=\"twitter:label1\" content=\"Estimated reading time\" \/>\n\t<meta name=\"twitter:data1\" content=\"4 minutes\" \/>\n<script type=\"application\/ld+json\" class=\"yoast-schema-graph\">{\"@context\":\"https:\\\/\\\/schema.org\",\"@graph\":[{\"@type\":\"WebPage\",\"@id\":\"https:\\\/\\\/lesaulerieur.com\\\/equipe\\\/\",\"url\":\"https:\\\/\\\/lesaulerieur.com\\\/equipe\\\/\",\"name\":\"\u00c9quipe - Lesaulerieur\",\"isPartOf\":{\"@id\":\"https:\\\/\\\/lesaulerieur.com\\\/fr\\\/#website\"},\"primaryImageOfPage\":{\"@id\":\"https:\\\/\\\/lesaulerieur.com\\\/equipe\\\/#primaryimage\"},\"image\":{\"@id\":\"https:\\\/\\\/lesaulerieur.com\\\/equipe\\\/#primaryimage\"},\"thumbnailUrl\":\"https:\\\/\\\/lesaulerieur.com\\\/wp-content\\\/uploads\\\/2023\\\/04\\\/Anita_Cassagne_coaching.jpg\",\"datePublished\":\"2023-02-01T21:35:15+00:00\",\"dateModified\":\"2025-07-31T15:52:57+00:00\",\"breadcrumb\":{\"@id\":\"https:\\\/\\\/lesaulerieur.com\\\/equipe\\\/#breadcrumb\"},\"inLanguage\":\"en-GB\",\"potentialAction\":[{\"@type\":\"ReadAction\",\"target\":[\"https:\\\/\\\/lesaulerieur.com\\\/equipe\\\/\"]}]},{\"@type\":\"ImageObject\",\"inLanguage\":\"en-GB\",\"@id\":\"https:\\\/\\\/lesaulerieur.com\\\/equipe\\\/#primaryimage\",\"url\":\"https:\\\/\\\/lesaulerieur.com\\\/wp-content\\\/uploads\\\/2023\\\/04\\\/Anita_Cassagne_coaching.jpg\",\"contentUrl\":\"https:\\\/\\\/lesaulerieur.com\\\/wp-content\\\/uploads\\\/2023\\\/04\\\/Anita_Cassagne_coaching.jpg\"},{\"@type\":\"BreadcrumbList\",\"@id\":\"https:\\\/\\\/lesaulerieur.com\\\/equipe\\\/#breadcrumb\",\"itemListElement\":[{\"@type\":\"ListItem\",\"position\":1,\"name\":\"Home\",\"item\":\"https:\\\/\\\/lesaulerieur.com\\\/\"},{\"@type\":\"ListItem\",\"position\":2,\"name\":\"\u00c9quipe\"}]},{\"@type\":\"WebSite\",\"@id\":\"https:\\\/\\\/lesaulerieur.com\\\/fr\\\/#website\",\"url\":\"https:\\\/\\\/lesaulerieur.com\\\/fr\\\/\",\"name\":\"Lesaulerieur\",\"description\":\"\",\"publisher\":{\"@id\":\"https:\\\/\\\/lesaulerieur.com\\\/fr\\\/#organization\"},\"potentialAction\":[{\"@type\":\"SearchAction\",\"target\":{\"@type\":\"EntryPoint\",\"urlTemplate\":\"https:\\\/\\\/lesaulerieur.com\\\/fr\\\/?s={search_term_string}\"},\"query-input\":{\"@type\":\"PropertyValueSpecification\",\"valueRequired\":true,\"valueName\":\"search_term_string\"}}],\"inLanguage\":\"en-GB\"},{\"@type\":\"Organization\",\"@id\":\"https:\\\/\\\/lesaulerieur.com\\\/fr\\\/#organization\",\"name\":\"Lesaulerieur\",\"url\":\"https:\\\/\\\/lesaulerieur.com\\\/fr\\\/\",\"logo\":{\"@type\":\"ImageObject\",\"inLanguage\":\"en-GB\",\"@id\":\"https:\\\/\\\/lesaulerieur.com\\\/fr\\\/#\\\/schema\\\/logo\\\/image\\\/\",\"url\":\"https:\\\/\\\/lesaulerieur.com\\\/wp-content\\\/uploads\\\/2026\\\/03\\\/exports-saule-rieur-transparent8-1.png\",\"contentUrl\":\"https:\\\/\\\/lesaulerieur.com\\\/wp-content\\\/uploads\\\/2026\\\/03\\\/exports-saule-rieur-transparent8-1.png\",\"width\":2480,\"height\":1240,\"caption\":\"Lesaulerieur\"},\"image\":{\"@id\":\"https:\\\/\\\/lesaulerieur.com\\\/fr\\\/#\\\/schema\\\/logo\\\/image\\\/\"},\"sameAs\":[\"https:\\\/\\\/www.linkedin.com\\\/in\\\/anita-cassagne-2625a62\\\/\"]}]}<\/script>\n<!-- \/ Yoast SEO plugin. -->","yoast_head_json":{"title":"Team - Lesaulerieur","robots":{"index":"index","follow":"follow","max-snippet":"max-snippet:-1","max-image-preview":"max-image-preview:large","max-video-preview":"max-video-preview:-1"},"canonical":"https:\/\/lesaulerieur.com\/en\/team\/","og_locale":"en_GB","og_type":"article","og_title":"\u00c9quipe - Lesaulerieur","og_description":"Notre \u00c9quipe Anita Cassagne Voir le profil Dana\u00e9 M\u00e2che Voir le profil Lionel Sarrue Voir [&hellip;]","og_url":"https:\/\/lesaulerieur.com\/en\/team\/","og_site_name":"Lesaulerieur","article_modified_time":"2025-07-31T15:52:57+00:00","og_image":[{"url":"https:\/\/lesaulerieur.com\/wp-content\/uploads\/2023\/04\/Anita_Cassagne_coaching.jpg","type":"","width":"","height":""}],"twitter_card":"summary_large_image","twitter_misc":{"Estimated reading time":"4 minutes"},"schema":{"@context":"https:\/\/schema.org","@graph":[{"@type":"WebPage","@id":"https:\/\/lesaulerieur.com\/equipe\/","url":"https:\/\/lesaulerieur.com\/equipe\/","name":"Team - Lesaulerieur","isPartOf":{"@id":"https:\/\/lesaulerieur.com\/fr\/#website"},"primaryImageOfPage":{"@id":"https:\/\/lesaulerieur.com\/equipe\/#primaryimage"},"image":{"@id":"https:\/\/lesaulerieur.com\/equipe\/#primaryimage"},"thumbnailUrl":"https:\/\/lesaulerieur.com\/wp-content\/uploads\/2023\/04\/Anita_Cassagne_coaching.jpg","datePublished":"2023-02-01T21:35:15+00:00","dateModified":"2025-07-31T15:52:57+00:00","breadcrumb":{"@id":"https:\/\/lesaulerieur.com\/equipe\/#breadcrumb"},"inLanguage":"en-GB","potentialAction":[{"@type":"ReadAction","target":["https:\/\/lesaulerieur.com\/equipe\/"]}]},{"@type":"ImageObject","inLanguage":"en-GB","@id":"https:\/\/lesaulerieur.com\/equipe\/#primaryimage","url":"https:\/\/lesaulerieur.com\/wp-content\/uploads\/2023\/04\/Anita_Cassagne_coaching.jpg","contentUrl":"https:\/\/lesaulerieur.com\/wp-content\/uploads\/2023\/04\/Anita_Cassagne_coaching.jpg"},{"@type":"BreadcrumbList","@id":"https:\/\/lesaulerieur.com\/equipe\/#breadcrumb","itemListElement":[{"@type":"ListItem","position":1,"name":"Home","item":"https:\/\/lesaulerieur.com\/"},{"@type":"ListItem","position":2,"name":"\u00c9quipe"}]},{"@type":"WebSite","@id":"https:\/\/lesaulerieur.com\/fr\/#website","url":"https:\/\/lesaulerieur.com\/fr\/","name":"The reseller","description":"","publisher":{"@id":"https:\/\/lesaulerieur.com\/fr\/#organization"},"potentialAction":[{"@type":"SearchAction","target":{"@type":"EntryPoint","urlTemplate":"https:\/\/lesaulerieur.com\/fr\/?s={search_term_string}"},"query-input":{"@type":"PropertyValueSpecification","valueRequired":true,"valueName":"search_term_string"}}],"inLanguage":"en-GB"},{"@type":"Organization","@id":"https:\/\/lesaulerieur.com\/fr\/#organization","name":"The reseller","url":"https:\/\/lesaulerieur.com\/fr\/","logo":{"@type":"ImageObject","inLanguage":"en-GB","@id":"https:\/\/lesaulerieur.com\/fr\/#\/schema\/logo\/image\/","url":"https:\/\/lesaulerieur.com\/wp-content\/uploads\/2026\/03\/exports-saule-rieur-transparent8-1.png","contentUrl":"https:\/\/lesaulerieur.com\/wp-content\/uploads\/2026\/03\/exports-saule-rieur-transparent8-1.png","width":2480,"height":1240,"caption":"Lesaulerieur"},"image":{"@id":"https:\/\/lesaulerieur.com\/fr\/#\/schema\/logo\/image\/"},"sameAs":["https:\/\/www.linkedin.com\/in\/anita-cassagne-2625a62\/"]}]}},"_links":{"self":[{"href":"https:\/\/lesaulerieur.com\/en\/wp-json\/wp\/v2\/pages\/8","targetHints":{"allow":["GET"]}}],"collection":[{"href":"https:\/\/lesaulerieur.com\/en\/wp-json\/wp\/v2\/pages"}],"about":[{"href":"https:\/\/lesaulerieur.com\/en\/wp-json\/wp\/v2\/types\/page"}],"author":[{"embeddable":true,"href":"https:\/\/lesaulerieur.com\/en\/wp-json\/wp\/v2\/users\/1"}],"replies":[{"embeddable":true,"href":"https:\/\/lesaulerieur.com\/en\/wp-json\/wp\/v2\/comments?post=8"}],"version-history":[{"count":141,"href":"https:\/\/lesaulerieur.com\/en\/wp-json\/wp\/v2\/pages\/8\/revisions"}],"predecessor-version":[{"id":2142,"href":"https:\/\/lesaulerieur.com\/en\/wp-json\/wp\/v2\/pages\/8\/revisions\/2142"}],"wp:attachment":[{"href":"https:\/\/lesaulerieur.com\/en\/wp-json\/wp\/v2\/media?parent=8"}],"curies":[{"name":"wp","href":"https:\/\/api.w.org\/{rel}","templated":true}]}}