{"id":1407,"date":"2025-05-14T14:47:45","date_gmt":"2025-05-14T14:47:45","guid":{"rendered":"https:\/\/lesaulerieur.com\/?page_id=1407"},"modified":"2026-03-02T10:51:14","modified_gmt":"2026-03-02T10:51:14","slug":"offres","status":"publish","type":"page","link":"https:\/\/lesaulerieur.com\/fr\/accueil\/offres\/","title":{"rendered":"Offres"},"content":{"rendered":"\n<p class=\"gtfy-1\"><\/p>\n\n\n\n<p class=\"gtfy-4\"><\/p>\n\n\n\n        <div class=\"root-eb-breadcrumb-wf7sf wp-block-essential-blocks-breadcrumbs gtfy-7\">\n            <div class=\"eb-parent-wrapper eb-parent-eb-breadcrumb-wf7sf \">\n                <div aria-label=\"Breadcrumb\" class=\"eb-breadcrumb-wrapper eb-breadcrumb-wf7sf\" data-id=\"eb-breadcrumb-wf7sf\">\n                    \n                    <span class=\"eb-breadcrumb-item current\">Page<\/span><\/div>\n                <\/div>\n            <\/div>\n        <\/div>\n\n\n<div class=\"wp-block-essential-blocks-row alignfull  root-eb-row-r59ps gtfy-14\"><div class=\"eb-parent-wrapper eb-parent-eb-row-r59ps \"><div class=\"eb-row-root-container eb-row-r59ps\" data-id=\"eb-row-r59ps\"><div class=\"eb-row-wrapper\"><div class=\"eb-row-inner\">\n<div class=\"wp-block-essential-blocks-column  root-eb-column-fc4c6 gtfy-11\"><div class=\"eb-parent-wrapper eb-parent-eb-column-fc4c6 \"><div class=\"eb-column-wrapper eb-column-fc4c6\"><div class=\"eb-column-inner\">\n<div class=\"wp-block-essential-blocks-advanced-heading  root-eb-advance-heading-whm94 gtfy-10\"><div class=\"eb-parent-wrapper eb-parent-eb-advance-heading-whm94 \"><div class=\"eb-advance-heading-wrapper eb-advance-heading-whm94 button-1 undefined\" data-id=\"eb-advance-heading-whm94\"><h1 class=\"eb-ah-title\"><span class=\"first-title\">Offres<\/span><\/h1><\/div><\/div><\/div>\n<\/div><\/div><\/div><\/div>\n\n\n\n<div class=\"wp-block-essential-blocks-column  root-eb-column-07moz gtfy-12\"><div class=\"eb-parent-wrapper eb-parent-eb-column-07moz \"><div class=\"eb-column-wrapper eb-column-07moz\"><div class=\"eb-column-inner\"><\/div><\/div><\/div><\/div>\n\n\n\n<div class=\"wp-block-essential-blocks-column  root-eb-column-1fafa gtfy-13\"><div class=\"eb-parent-wrapper eb-parent-eb-column-1fafa \"><div class=\"eb-column-wrapper eb-column-1fafa\"><div class=\"eb-column-inner\"><\/div><\/div><\/div><\/div>\n<\/div><\/div><\/div><\/div><\/div>\n\n\n\n<div class=\"wp-block-essential-blocks-row alignfull  root-eb-row-v7d5b gtfy-24\"><div class=\"eb-parent-wrapper eb-parent-eb-row-v7d5b \"><div class=\"eb-row-root-container eb-row-v7d5b\" data-id=\"eb-row-v7d5b\"><div class=\"eb-row-wrapper\"><div class=\"eb-row-inner\">\n<div class=\"wp-block-essential-blocks-column  root-eb-column-wo72i gtfy-23\"><div class=\"eb-parent-wrapper eb-parent-eb-column-wo72i \"><div class=\"eb-column-wrapper eb-column-wo72i\"><div class=\"eb-column-inner\">\n<div class=\"wp-block-essential-blocks-advanced-heading  root-eb-advance-heading-skfh2 gtfy-17\"><div class=\"eb-parent-wrapper eb-parent-eb-advance-heading-skfh2 \"><div class=\"eb-advance-heading-wrapper eb-advance-heading-skfh2 button-1 undefined\" data-id=\"eb-advance-heading-skfh2\"><h2 class=\"eb-ah-title\"><span class=\"first-title\">Voici notre esprit\u2026<\/span><\/h2><\/div><\/div><\/div>\n\n\n\n<div class=\"wp-block-essential-blocks-row alignfull  root-eb-row-j7stc gtfy-22\"><div class=\"eb-parent-wrapper eb-parent-eb-row-j7stc \"><div class=\"eb-row-root-container eb-row-j7stc\" data-id=\"eb-row-j7stc\"><div class=\"eb-row-wrapper\"><div class=\"eb-row-inner\">\n<div class=\"wp-block-essential-blocks-column  root-eb-column-7rd9k gtfy-19\"><div class=\"eb-parent-wrapper eb-parent-eb-column-7rd9k \"><div class=\"eb-column-wrapper eb-column-7rd9k\"><div class=\"eb-column-inner\">\n<p class=\"has-foreground-color has-text-color has-link-color wp-elements-7ce4c99ba14692746a04296a0f463f78 gtfy-18\">Nous d\u00e9veloppons le leadership \u00e0 tous les niveaux de l\u2019organisation.<br>Dans un monde devenu B.A.N.I. (brittle, anxious, non-linear, and incomprehensible), le leadership est plus que jamais la cl\u00e9 de la performance. Le Saule Rieur est n\u00e9e pour cultiver un leadership qui inspire, donne du pouvoir et transforme.<\/p>\n<\/div><\/div><\/div><\/div>\n\n\n\n<div class=\"wp-block-essential-blocks-column  root-eb-column-g8owz gtfy-21\"><div class=\"eb-parent-wrapper eb-parent-eb-column-g8owz \"><div class=\"eb-column-wrapper eb-column-g8owz\"><div class=\"eb-column-inner\">\n<div class=\"wp-block-essential-blocks-advanced-image  root-eb-advanced-image-ednvw gtfy-20\"><div class=\"eb-parent-wrapper eb-parent-eb-advanced-image-ednvw \"><figure class=\"eb-advanced-image-wrapper eb-advanced-image-ednvw no-effect\" data-id=\"eb-advanced-image-ednvw\"><div class=\"eb-image-wrapper\"><div class=\"eb-image-wrapper-inner eb-img-style-circle\"><img decoding=\"async\" src=\"https:\/\/lesaulerieur.com\/wp-content\/uploads\/2025\/04\/people-first.png\" alt=\"\"\/><\/div><\/div><\/figure><\/div><\/div>\n<\/div><\/div><\/div><\/div>\n<\/div><\/div><\/div><\/div><\/div>\n<\/div><\/div><\/div><\/div>\n<\/div><\/div><\/div><\/div><\/div>\n\n\n\n<div class=\"wp-block-essential-blocks-row alignfull  root-eb-row-159ev gtfy-30\"><div class=\"eb-parent-wrapper eb-parent-eb-row-159ev \"><div class=\"eb-row-root-container eb-row-159ev\" data-id=\"eb-row-159ev\"><div class=\"eb-row-wrapper\"><div class=\"eb-row-inner\">\n<div class=\"wp-block-essential-blocks-column  root-eb-column-xsmii gtfy-29\"><div class=\"eb-parent-wrapper eb-parent-eb-column-xsmii \"><div class=\"eb-column-wrapper eb-column-xsmii\"><div class=\"eb-column-inner\">\n<p class=\"has-background-color has-text-color has-link-color wp-elements-6fbab84cfd33703e515b955919735c62 gtfy-27\">Nous croyons que le leadership prend racine au c\u0153ur m\u00eame des organisations : il ancre les \u00e9quipes gr\u00e2ce \u00e0 la clart\u00e9 et au sens, et favorise des \u00e9cosyst\u00e8mes de confiance, de collaboration et de croissance.<\/p>\n\n\n\n<p class=\"has-background-color has-text-color has-link-color wp-elements-dedd726fc7fad7cae1c011e49c488607 gtfy-28\">Notre mission : aider les leaders \u00e0 d\u00e9velopper des racines solides pour rester ancr\u00e9s dans un monde incertain, un tronc robuste pour faire preuve d\u2019adaptabilit\u00e9, de r\u00e9silience et de courage, et des branches qui rayonnent pour rassembler autour d\u2019une vision commune. En cultivant un leadership align\u00e9 sur le sens, <strong><strong>Le Saule Rieur<\/strong><\/strong> permet aux organisations de prosp\u00e9rer, en interne comme en externe.<\/p>\n<\/div><\/div><\/div><\/div>\n<\/div><\/div><\/div><\/div><\/div>\n\n\n\n<div class=\"wp-block-essential-blocks-row alignfull  root-eb-row-ih110 gtfy-37\"><div class=\"eb-parent-wrapper eb-parent-eb-row-ih110 \"><div class=\"eb-row-root-container eb-row-ih110\" data-id=\"eb-row-ih110\"><div class=\"eb-row-wrapper\"><div class=\"eb-row-inner\">\n<div class=\"wp-block-essential-blocks-column  root-eb-column-fglle gtfy-34\"><div class=\"eb-parent-wrapper eb-parent-eb-column-fglle \"><div class=\"eb-column-wrapper eb-column-fglle\"><div class=\"eb-column-inner\">\n<div class=\"wp-block-essential-blocks-infobox  root-eb-infobox-xa1un gtfy-33\"><div class=\"eb-parent-wrapper eb-parent-eb-infobox-xa1un \"><div class=\"eb-infobox-xa1un eb-infobox-wrapper\"><div class=\"infobox-wrapper-inner\"><div class=\"contents-wrapper\"><h3 class=\"title\"> Coaching professionnel<\/h3><p class=\"description\">Coaching individuel ou d\u2019\u00e9quipe pour renforcer posture, clart\u00e9 et impact dans un environnement incertain.<\/p><div class=\"eb-button-inner-wrapper eb-infobox-btn-wrapper\"><a class=\"eb-button-anchor infobox-btn    \" href=\"https:\/\/lesaulerieur.com\/fr\/accueil\/offres\/coaching-professionnel\/\" rel=\"noopener\">En savoir plus<\/a><\/div><\/div><\/div><\/div><\/div><\/div>\n<\/div><\/div><\/div><\/div>\n\n\n\n<div class=\"wp-block-essential-blocks-column  root-eb-column-v9jh5 gtfy-36\"><div class=\"eb-parent-wrapper eb-parent-eb-column-v9jh5 \"><div class=\"eb-column-wrapper eb-column-v9jh5\"><div class=\"eb-column-inner\">\n<div class=\"wp-block-essential-blocks-infobox  root-eb-infobox-hf9k6 gtfy-35\"><div class=\"eb-parent-wrapper eb-parent-eb-infobox-hf9k6 \"><div class=\"eb-infobox-hf9k6 eb-infobox-wrapper\"><div class=\"infobox-wrapper-inner\"><div class=\"contents-wrapper\"><h3 class=\"title\">Formations<\/h3><p class=\"description\">Modules pratiques pour d\u00e9velopper un leadership align\u00e9, coop\u00e9ratif et r\u00e9silient \u00e0 tous les niveaux.<\/p><div class=\"eb-button-inner-wrapper eb-infobox-btn-wrapper\"><a class=\"eb-button-anchor infobox-btn    \" href=\"https:\/\/lesaulerieur.com\/fr\/accueil\/offres\/formations\/\" rel=\"noopener\">En savoir plus<\/a><\/div><\/div><\/div><\/div><\/div><\/div>\n<\/div><\/div><\/div><\/div>\n<\/div><\/div><\/div><\/div><\/div>\n\n\n\n<div class=\"wp-block-essential-blocks-row alignfull  root-eb-row-jxljm gtfy-44\"><div class=\"eb-parent-wrapper eb-parent-eb-row-jxljm \"><div class=\"eb-row-root-container eb-row-jxljm\" data-id=\"eb-row-jxljm\"><div class=\"eb-row-wrapper\"><div class=\"eb-row-inner\">\n<div class=\"wp-block-essential-blocks-column  root-eb-column-ckyxi gtfy-41\"><div class=\"eb-parent-wrapper eb-parent-eb-column-ckyxi \"><div class=\"eb-column-wrapper eb-column-ckyxi\"><div class=\"eb-column-inner\">\n<div class=\"wp-block-essential-blocks-infobox  root-eb-infobox-b9q93 gtfy-40\"><div class=\"eb-parent-wrapper eb-parent-eb-infobox-b9q93 \"><div class=\"eb-infobox-b9q93 eb-infobox-wrapper\"><div class=\"infobox-wrapper-inner\"><div class=\"contents-wrapper\"><h3 class=\"title\">Change Management<\/h3><p class=\"description\">Accompagnement humain des transformations pour ancrer le changement et mobiliser les \u00e9quipes.<\/p><div class=\"eb-button-inner-wrapper eb-infobox-btn-wrapper\"><a class=\"eb-button-anchor infobox-btn    \" href=\"https:\/\/lesaulerieur.com\/accueil\/offres\/change-management\/\" rel=\"noopener\">En savoir plus<\/a><\/div><\/div><\/div><\/div><\/div><\/div>\n<\/div><\/div><\/div><\/div>\n\n\n\n<div class=\"wp-block-essential-blocks-column  root-eb-column-x6zi3 gtfy-43\"><div class=\"eb-parent-wrapper eb-parent-eb-column-x6zi3 \"><div class=\"eb-column-wrapper eb-column-x6zi3\"><div class=\"eb-column-inner\">\n<div class=\"wp-block-essential-blocks-infobox  root-eb-infobox-kn3d3 gtfy-42\"><div class=\"eb-parent-wrapper eb-parent-eb-infobox-kn3d3 \"><div class=\"eb-infobox-kn3d3 eb-infobox-wrapper\"><div class=\"infobox-wrapper-inner\"><div class=\"contents-wrapper\"><h3 class=\"title\">Leadership Assessment <\/h3><p class=\"description\">\u00c9valuer le leadership c\u2019est comprendre, avec lucidit\u00e9 et bienveillance, si les leaders et les \u00e9quipes de direction disposent des ressources, comportements et dynamiques n\u00e9cessaires pour conduire la prochaine phase de croissance et de transformation.<\/p><div class=\"eb-button-inner-wrapper eb-infobox-btn-wrapper\"><a class=\"eb-button-anchor infobox-btn    \" href=\"https:\/\/lesaulerieur.com\/accueil\/offres\/leadership-assessment\/\" rel=\"noopener\">En savoir plus<\/a><\/div><\/div><\/div><\/div><\/div><\/div>\n<\/div><\/div><\/div><\/div>\n<\/div><\/div><\/div><\/div><\/div>\n\n\n\n<div style=\"height:20px\" aria-hidden=\"true\" class=\"wp-block-spacer gtfy-47\"><\/div>\n\n\n\n<div class=\"wp-block-essential-blocks-row alignfull  root-eb-row-opeac gtfy-64\"><div class=\"eb-parent-wrapper eb-parent-eb-row-opeac \"><div class=\"eb-row-root-container eb-row-opeac\" data-id=\"eb-row-opeac\"><div class=\"eb-row-wrapper\"><div class=\"eb-row-inner\">\n<div class=\"wp-block-essential-blocks-column  root-eb-column-ravae gtfy-59\"><div class=\"eb-parent-wrapper eb-parent-eb-column-ravae \"><div class=\"eb-column-wrapper eb-column-ravae\"><div class=\"eb-column-inner\">\n<div class=\"wp-block-essential-blocks-advanced-heading  root-eb-advance-heading-6f7h9 gtfy-50\"><div class=\"eb-parent-wrapper eb-parent-eb-advance-heading-6f7h9 \"><div class=\"eb-advance-heading-wrapper eb-advance-heading-6f7h9 button-1 undefined\" data-id=\"eb-advance-heading-6f7h9\"><h3 class=\"eb-ah-title\"><span class=\"first-title\"><strong>Nos solutions pour les entreprises<\/strong><\/span><\/h3><\/div><\/div><\/div>\n\n\n\n<p class=\"has-background-color has-text-color has-link-color wp-elements-2ceb05f8d74014e68a77fbf3542232e1 gtfy-51\">\u2026allient conseil strat\u00e9gique sur mesure, coaching international et d\u00e9veloppement du leadership.<\/p>\n\n\n\n<p class=\"has-background-color has-text-color has-link-color wp-elements-ecc062b17ef2affe6c75f15851d3e12f gtfy-52\"><strong>Les sujets que nous abordons au quotidien<\/strong> :<\/p>\n\n\n\n<ul class=\"wp-block-list gtfy-58\">\n<li class=\"gtfy-53 gutenify-list-item\">Leadership de soi, des autres et des organisations<\/li>\n\n\n\n<li class=\"gtfy-54 gutenify-list-item\">Prise de position : int\u00e9gration dans les comit\u00e9s de direction, posture manag\u00e9riale, positionnement dans l\u2019organisation<\/li>\n\n\n\n<li class=\"gtfy-55 gutenify-list-item\">Intelligence \u00e9motionnelle, coop\u00e9ration et travail en \u00e9quipe<\/li>\n\n\n\n<li class=\"gtfy-56 gutenify-list-item\">Affirmation de soi et confiance<\/li>\n\n\n\n<li class=\"gtfy-57 gutenify-list-item\">Gestion du changement, communication et influence<\/li>\n<\/ul>\n<\/div><\/div><\/div><\/div>\n\n\n\n<div class=\"wp-block-essential-blocks-column  root-eb-column-ng5r7 gtfy-63\"><div class=\"eb-parent-wrapper eb-parent-eb-column-ng5r7 \"><div class=\"eb-column-wrapper eb-column-ng5r7\"><div class=\"eb-column-inner\">\n<figure class=\"wp-block-gallery has-nested-images columns-default is-cropped wp-block-gallery-61 is-layout-flex wp-block-gallery-is-layout-flex gtfy-62\">\n<figure class=\"wp-block-image size-full gtfy-60\"><img loading=\"lazy\" decoding=\"async\" width=\"1200\" height=\"1600\" data-id=\"1792\" src=\"https:\/\/lesaulerieur.com\/wp-content\/uploads\/2025\/06\/PHOTO-2025-06-26-22-37-35-1.jpg\" alt=\"\" class=\"wp-image-1792\" srcset=\"https:\/\/lesaulerieur.com\/wp-content\/uploads\/2025\/06\/PHOTO-2025-06-26-22-37-35-1.jpg 1200w, https:\/\/lesaulerieur.com\/wp-content\/uploads\/2025\/06\/PHOTO-2025-06-26-22-37-35-1-225x300.jpg 225w, https:\/\/lesaulerieur.com\/wp-content\/uploads\/2025\/06\/PHOTO-2025-06-26-22-37-35-1-768x1024.jpg 768w, https:\/\/lesaulerieur.com\/wp-content\/uploads\/2025\/06\/PHOTO-2025-06-26-22-37-35-1-1152x1536.jpg 1152w, https:\/\/lesaulerieur.com\/wp-content\/uploads\/2025\/06\/PHOTO-2025-06-26-22-37-35-1-9x12.jpg 9w\" sizes=\"auto, (max-width: 1200px) 100vw, 1200px\" \/><\/figure>\n<\/figure>\n<\/div><\/div><\/div><\/div>\n<\/div><\/div><\/div><\/div><\/div>\n\n\n\n<div style=\"height:20px\" aria-hidden=\"true\" class=\"wp-block-spacer gtfy-67\"><\/div>\n\n\n\n<div class=\"wp-block-essential-blocks-row alignfull  root-eb-row-evb4i gtfy-77\"><div class=\"eb-parent-wrapper eb-parent-eb-row-evb4i \"><div class=\"eb-row-root-container eb-row-evb4i\" data-id=\"eb-row-evb4i\"><div class=\"eb-row-wrapper\"><div class=\"eb-row-inner\">\n<div class=\"wp-block-essential-blocks-column  root-eb-column-hynix gtfy-74\"><div class=\"eb-parent-wrapper eb-parent-eb-column-hynix \"><div class=\"eb-column-wrapper eb-column-hynix\"><div class=\"eb-column-inner\">\n<div class=\"wp-block-essential-blocks-advanced-heading  root-eb-advance-heading-hqqze gtfy-70\"><div class=\"eb-parent-wrapper eb-parent-eb-advance-heading-hqqze \"><div class=\"eb-advance-heading-wrapper eb-advance-heading-hqqze button-1 undefined\" data-id=\"eb-advance-heading-hqqze\"><h2 class=\"eb-ah-title\"><span class=\"first-title\">Vous cherchez un coach professionnel ?<\/span><\/h2><\/div><\/div><\/div>\n\n\n\n<p class=\"has-foreground-color has-text-color has-link-color wp-elements-ba1238313e84d32e61af7a13624464d4 gtfy-71\"><\/p>\n\n\n\n<div class=\"wp-block-essential-blocks-button  root-eb-button-37dub gtfy-72\"><div class=\"eb-parent-wrapper eb-parent-eb-button-37dub \"><div class=\"eb-button-wrapper eb-button-alignment eb-button-37dub\"><div class=\"eb-button\"><div class=\"eb-button-inner-wrapper \"><a class=\"eb-button-anchor  \" href=\"https:\/\/lesaulerieur.com\/240-2\/\" target=\"_blank\" rel=\"noopener\">Contactez-nous<\/a><\/div><\/div><\/div><\/div><\/div>\n\n\n\n<p class=\"has-foreground-color has-text-color has-link-color wp-elements-ba1238313e84d32e61af7a13624464d4 gtfy-73\"><\/p>\n<\/div><\/div><\/div><\/div>\n\n\n\n<div class=\"wp-block-essential-blocks-column  root-eb-column-3y212 gtfy-76\"><div class=\"eb-parent-wrapper eb-parent-eb-column-3y212 \"><div class=\"eb-column-wrapper eb-column-3y212\"><div class=\"eb-column-inner\">\n<figure class=\"wp-block-image size-full is-resized has-custom-border is-style-default gtfy-75\" style=\"margin-top:0;margin-right:var(--wp--preset--spacing--30);margin-bottom:0;margin-left:var(--wp--preset--spacing--30)\"><img loading=\"lazy\" decoding=\"async\" width=\"682\" height=\"568\" src=\"https:\/\/lesaulerieur.com\/wp-content\/uploads\/2025\/08\/Capture-decran-2025-08-01-125923-1.png\" alt=\"\" class=\"wp-image-2152\" style=\"border-style:none;border-width:0px;border-radius:100%;object-fit:cover;width:300px;height:300px\" srcset=\"https:\/\/lesaulerieur.com\/wp-content\/uploads\/2025\/08\/Capture-decran-2025-08-01-125923-1.png 682w, https:\/\/lesaulerieur.com\/wp-content\/uploads\/2025\/08\/Capture-decran-2025-08-01-125923-1-300x250.png 300w, https:\/\/lesaulerieur.com\/wp-content\/uploads\/2025\/08\/Capture-decran-2025-08-01-125923-1-14x12.png 14w\" sizes=\"auto, (max-width: 682px) 100vw, 682px\" \/><\/figure>\n<\/div><\/div><\/div><\/div>\n<\/div><\/div><\/div><\/div><\/div>\n","protected":false},"excerpt":{"rendered":"","protected":false},"author":1,"featured_media":1790,"parent":381,"menu_order":0,"comment_status":"closed","ping_status":"closed","template":"","meta":{"_acf_changed":false,"_eb_attr":"","footnotes":""},"class_list":["post-1407","page","type-page","status-publish","has-post-thumbnail","hentry"],"acf":[],"yoast_head":"<!-- This site is optimized with the Yoast SEO plugin v27.4 - https:\/\/yoast.com\/product\/yoast-seo-wordpress\/ -->\n<title>Offres - Lesaulerieur<\/title>\n<meta name=\"robots\" content=\"index, follow, max-snippet:-1, max-image-preview:large, max-video-preview:-1\" \/>\n<link rel=\"canonical\" href=\"https:\/\/lesaulerieur.com\/fr\/accueil\/offres\/\" \/>\n<meta property=\"og:locale\" content=\"fr_FR\" \/>\n<meta property=\"og:type\" content=\"article\" \/>\n<meta property=\"og:title\" content=\"Offres - Lesaulerieur\" \/>\n<meta property=\"og:url\" content=\"https:\/\/lesaulerieur.com\/fr\/accueil\/offres\/\" \/>\n<meta property=\"og:site_name\" content=\"Lesaulerieur\" \/>\n<meta property=\"article:modified_time\" content=\"2026-03-02T10:51:14+00:00\" \/>\n<meta property=\"og:image\" content=\"https:\/\/lesaulerieur.com\/wp-content\/uploads\/2025\/06\/PHOTO-2025-06-26-22-37-35.jpg\" \/>\n\t<meta property=\"og:image:width\" content=\"1200\" \/>\n\t<meta property=\"og:image:height\" content=\"1600\" \/>\n\t<meta property=\"og:image:type\" content=\"image\/jpeg\" \/>\n<meta name=\"twitter:card\" content=\"summary_large_image\" \/>\n<meta name=\"twitter:label1\" content=\"Dur\u00e9e de lecture estim\u00e9e\" \/>\n\t<meta name=\"twitter:data1\" content=\"3 minutes\" \/>\n<script type=\"application\/ld+json\" class=\"yoast-schema-graph\">{\"@context\":\"https:\\\/\\\/schema.org\",\"@graph\":[{\"@type\":\"WebPage\",\"@id\":\"https:\\\/\\\/lesaulerieur.com\\\/accueil\\\/offres\\\/\",\"url\":\"https:\\\/\\\/lesaulerieur.com\\\/accueil\\\/offres\\\/\",\"name\":\"Offres - Lesaulerieur\",\"isPartOf\":{\"@id\":\"https:\\\/\\\/lesaulerieur.com\\\/fr\\\/#website\"},\"primaryImageOfPage\":{\"@id\":\"https:\\\/\\\/lesaulerieur.com\\\/accueil\\\/offres\\\/#primaryimage\"},\"image\":{\"@id\":\"https:\\\/\\\/lesaulerieur.com\\\/accueil\\\/offres\\\/#primaryimage\"},\"thumbnailUrl\":\"https:\\\/\\\/lesaulerieur.com\\\/wp-content\\\/uploads\\\/2025\\\/06\\\/PHOTO-2025-06-26-22-37-35.jpg\",\"datePublished\":\"2025-05-14T14:47:45+00:00\",\"dateModified\":\"2026-03-02T10:51:14+00:00\",\"breadcrumb\":{\"@id\":\"https:\\\/\\\/lesaulerieur.com\\\/accueil\\\/offres\\\/#breadcrumb\"},\"inLanguage\":\"fr-FR\",\"potentialAction\":[{\"@type\":\"ReadAction\",\"target\":[\"https:\\\/\\\/lesaulerieur.com\\\/accueil\\\/offres\\\/\"]}]},{\"@type\":\"ImageObject\",\"inLanguage\":\"fr-FR\",\"@id\":\"https:\\\/\\\/lesaulerieur.com\\\/accueil\\\/offres\\\/#primaryimage\",\"url\":\"https:\\\/\\\/lesaulerieur.com\\\/wp-content\\\/uploads\\\/2025\\\/06\\\/PHOTO-2025-06-26-22-37-35.jpg\",\"contentUrl\":\"https:\\\/\\\/lesaulerieur.com\\\/wp-content\\\/uploads\\\/2025\\\/06\\\/PHOTO-2025-06-26-22-37-35.jpg\",\"width\":1200,\"height\":1600},{\"@type\":\"BreadcrumbList\",\"@id\":\"https:\\\/\\\/lesaulerieur.com\\\/accueil\\\/offres\\\/#breadcrumb\",\"itemListElement\":[{\"@type\":\"ListItem\",\"position\":1,\"name\":\"Home\",\"item\":\"https:\\\/\\\/lesaulerieur.com\\\/\"},{\"@type\":\"ListItem\",\"position\":2,\"name\":\"Accueil\",\"item\":\"https:\\\/\\\/lesaulerieur.com\\\/\"},{\"@type\":\"ListItem\",\"position\":3,\"name\":\"Offres\"}]},{\"@type\":\"WebSite\",\"@id\":\"https:\\\/\\\/lesaulerieur.com\\\/fr\\\/#website\",\"url\":\"https:\\\/\\\/lesaulerieur.com\\\/fr\\\/\",\"name\":\"Lesaulerieur\",\"description\":\"\",\"publisher\":{\"@id\":\"https:\\\/\\\/lesaulerieur.com\\\/fr\\\/#organization\"},\"potentialAction\":[{\"@type\":\"SearchAction\",\"target\":{\"@type\":\"EntryPoint\",\"urlTemplate\":\"https:\\\/\\\/lesaulerieur.com\\\/fr\\\/?s={search_term_string}\"},\"query-input\":{\"@type\":\"PropertyValueSpecification\",\"valueRequired\":true,\"valueName\":\"search_term_string\"}}],\"inLanguage\":\"fr-FR\"},{\"@type\":\"Organization\",\"@id\":\"https:\\\/\\\/lesaulerieur.com\\\/fr\\\/#organization\",\"name\":\"Lesaulerieur\",\"url\":\"https:\\\/\\\/lesaulerieur.com\\\/fr\\\/\",\"logo\":{\"@type\":\"ImageObject\",\"inLanguage\":\"fr-FR\",\"@id\":\"https:\\\/\\\/lesaulerieur.com\\\/fr\\\/#\\\/schema\\\/logo\\\/image\\\/\",\"url\":\"https:\\\/\\\/lesaulerieur.com\\\/wp-content\\\/uploads\\\/2026\\\/03\\\/exports-saule-rieur-transparent8-1.png\",\"contentUrl\":\"https:\\\/\\\/lesaulerieur.com\\\/wp-content\\\/uploads\\\/2026\\\/03\\\/exports-saule-rieur-transparent8-1.png\",\"width\":2480,\"height\":1240,\"caption\":\"Lesaulerieur\"},\"image\":{\"@id\":\"https:\\\/\\\/lesaulerieur.com\\\/fr\\\/#\\\/schema\\\/logo\\\/image\\\/\"},\"sameAs\":[\"https:\\\/\\\/www.linkedin.com\\\/in\\\/anita-cassagne-2625a62\\\/\"]}]}<\/script>\n<!-- \/ Yoast SEO plugin. -->","yoast_head_json":{"title":"Offres - Lesaulerieur","robots":{"index":"index","follow":"follow","max-snippet":"max-snippet:-1","max-image-preview":"max-image-preview:large","max-video-preview":"max-video-preview:-1"},"canonical":"https:\/\/lesaulerieur.com\/fr\/accueil\/offres\/","og_locale":"fr_FR","og_type":"article","og_title":"Offres - Lesaulerieur","og_url":"https:\/\/lesaulerieur.com\/fr\/accueil\/offres\/","og_site_name":"Lesaulerieur","article_modified_time":"2026-03-02T10:51:14+00:00","og_image":[{"width":1200,"height":1600,"url":"https:\/\/lesaulerieur.com\/wp-content\/uploads\/2025\/06\/PHOTO-2025-06-26-22-37-35.jpg","type":"image\/jpeg"}],"twitter_card":"summary_large_image","twitter_misc":{"Dur\u00e9e de lecture estim\u00e9e":"3 minutes"},"schema":{"@context":"https:\/\/schema.org","@graph":[{"@type":"WebPage","@id":"https:\/\/lesaulerieur.com\/accueil\/offres\/","url":"https:\/\/lesaulerieur.com\/accueil\/offres\/","name":"Offres - Lesaulerieur","isPartOf":{"@id":"https:\/\/lesaulerieur.com\/fr\/#website"},"primaryImageOfPage":{"@id":"https:\/\/lesaulerieur.com\/accueil\/offres\/#primaryimage"},"image":{"@id":"https:\/\/lesaulerieur.com\/accueil\/offres\/#primaryimage"},"thumbnailUrl":"https:\/\/lesaulerieur.com\/wp-content\/uploads\/2025\/06\/PHOTO-2025-06-26-22-37-35.jpg","datePublished":"2025-05-14T14:47:45+00:00","dateModified":"2026-03-02T10:51:14+00:00","breadcrumb":{"@id":"https:\/\/lesaulerieur.com\/accueil\/offres\/#breadcrumb"},"inLanguage":"fr-FR","potentialAction":[{"@type":"ReadAction","target":["https:\/\/lesaulerieur.com\/accueil\/offres\/"]}]},{"@type":"ImageObject","inLanguage":"fr-FR","@id":"https:\/\/lesaulerieur.com\/accueil\/offres\/#primaryimage","url":"https:\/\/lesaulerieur.com\/wp-content\/uploads\/2025\/06\/PHOTO-2025-06-26-22-37-35.jpg","contentUrl":"https:\/\/lesaulerieur.com\/wp-content\/uploads\/2025\/06\/PHOTO-2025-06-26-22-37-35.jpg","width":1200,"height":1600},{"@type":"BreadcrumbList","@id":"https:\/\/lesaulerieur.com\/accueil\/offres\/#breadcrumb","itemListElement":[{"@type":"ListItem","position":1,"name":"Home","item":"https:\/\/lesaulerieur.com\/"},{"@type":"ListItem","position":2,"name":"Accueil","item":"https:\/\/lesaulerieur.com\/"},{"@type":"ListItem","position":3,"name":"Offres"}]},{"@type":"WebSite","@id":"https:\/\/lesaulerieur.com\/fr\/#website","url":"https:\/\/lesaulerieur.com\/fr\/","name":"Lesaulerieur","description":"","publisher":{"@id":"https:\/\/lesaulerieur.com\/fr\/#organization"},"potentialAction":[{"@type":"SearchAction","target":{"@type":"EntryPoint","urlTemplate":"https:\/\/lesaulerieur.com\/fr\/?s={search_term_string}"},"query-input":{"@type":"PropertyValueSpecification","valueRequired":true,"valueName":"search_term_string"}}],"inLanguage":"fr-FR"},{"@type":"Organization","@id":"https:\/\/lesaulerieur.com\/fr\/#organization","name":"Lesaulerieur","url":"https:\/\/lesaulerieur.com\/fr\/","logo":{"@type":"ImageObject","inLanguage":"fr-FR","@id":"https:\/\/lesaulerieur.com\/fr\/#\/schema\/logo\/image\/","url":"https:\/\/lesaulerieur.com\/wp-content\/uploads\/2026\/03\/exports-saule-rieur-transparent8-1.png","contentUrl":"https:\/\/lesaulerieur.com\/wp-content\/uploads\/2026\/03\/exports-saule-rieur-transparent8-1.png","width":2480,"height":1240,"caption":"Lesaulerieur"},"image":{"@id":"https:\/\/lesaulerieur.com\/fr\/#\/schema\/logo\/image\/"},"sameAs":["https:\/\/www.linkedin.com\/in\/anita-cassagne-2625a62\/"]}]}},"_links":{"self":[{"href":"https:\/\/lesaulerieur.com\/fr\/wp-json\/wp\/v2\/pages\/1407","targetHints":{"allow":["GET"]}}],"collection":[{"href":"https:\/\/lesaulerieur.com\/fr\/wp-json\/wp\/v2\/pages"}],"about":[{"href":"https:\/\/lesaulerieur.com\/fr\/wp-json\/wp\/v2\/types\/page"}],"author":[{"embeddable":true,"href":"https:\/\/lesaulerieur.com\/fr\/wp-json\/wp\/v2\/users\/1"}],"replies":[{"embeddable":true,"href":"https:\/\/lesaulerieur.com\/fr\/wp-json\/wp\/v2\/comments?post=1407"}],"version-history":[{"count":41,"href":"https:\/\/lesaulerieur.com\/fr\/wp-json\/wp\/v2\/pages\/1407\/revisions"}],"predecessor-version":[{"id":2761,"href":"https:\/\/lesaulerieur.com\/fr\/wp-json\/wp\/v2\/pages\/1407\/revisions\/2761"}],"up":[{"embeddable":true,"href":"https:\/\/lesaulerieur.com\/fr\/wp-json\/wp\/v2\/pages\/381"}],"wp:featuredmedia":[{"embeddable":true,"href":"https:\/\/lesaulerieur.com\/fr\/wp-json\/wp\/v2\/media\/1790"}],"wp:attachment":[{"href":"https:\/\/lesaulerieur.com\/fr\/wp-json\/wp\/v2\/media?parent=1407"}],"curies":[{"name":"wp","href":"https:\/\/api.w.org\/{rel}","templated":true}]}}