{"id":170,"date":"2023-02-13T18:43:15","date_gmt":"2023-02-13T18:43:15","guid":{"rendered":"https:\/\/lesaulerieur.com\/?page_id=170"},"modified":"2024-05-27T13:30:25","modified_gmt":"2024-05-27T13:30:25","slug":"storytelling","status":"publish","type":"page","link":"https:\/\/lesaulerieur.com\/fr\/storytelling\/","title":{"rendered":"Storytelling"},"content":{"rendered":"\n<div style=\"height:100px\" aria-hidden=\"true\" class=\"wp-block-spacer gutenify-section-c4523780-e3bd-11ed-982c-f75187af9dda gtfy-1\"><\/div>\n\n\n\n<div class=\"wp-block-cover gutenify-section-c4540c40-e3bd-11ed-982c-f75187af9dda gtfy-5\"><span aria-hidden=\"true\" class=\"wp-block-cover__background has-background-dim\"><\/span><img loading=\"lazy\" decoding=\"async\" width=\"2172\" height=\"1436\" class=\"wp-block-cover__image-background wp-image-314\" alt=\"\" src=\"http:\/\/lesaulerieur.com\/wp-content\/uploads\/2023\/03\/zyro-image.jpg\" data-object-fit=\"cover\" srcset=\"https:\/\/lesaulerieur.com\/wp-content\/uploads\/2023\/03\/zyro-image.jpg 2172w, https:\/\/lesaulerieur.com\/wp-content\/uploads\/2023\/03\/zyro-image-300x198.jpg 300w, https:\/\/lesaulerieur.com\/wp-content\/uploads\/2023\/03\/zyro-image-1024x677.jpg 1024w, https:\/\/lesaulerieur.com\/wp-content\/uploads\/2023\/03\/zyro-image-768x508.jpg 768w, https:\/\/lesaulerieur.com\/wp-content\/uploads\/2023\/03\/zyro-image-1536x1016.jpg 1536w, https:\/\/lesaulerieur.com\/wp-content\/uploads\/2023\/03\/zyro-image-2048x1354.jpg 2048w\" sizes=\"auto, (max-width: 2172px) 100vw, 2172px\" \/><div class=\"wp-block-cover__inner-container is-layout-flow wp-block-cover-is-layout-flow\">\n<p class=\"has-text-align-center has-large-font-size gutenify-section-c452d3c0-e3bd-11ed-982c-f75187af9dda gtfy-4\"><strong>Une formation : \u00ab\u00a0Storytelling for business\u00a0\u00bb<\/strong><\/p>\n<\/div><\/div>\n\n\n<p class=\"has-body-text-background-color has-background gtfy-6 gtfy-7\" align=\"justify\">L\u2019Homme n\u2019est pas seulement construit pour raconter des histoires mais aussi pour les \u00e9couter. Les histoires fa\u00e7onnent nos vies et par extension nos rapports interpersonnels. Les sch\u00e9mas narratifs font partie int\u00e9grante de notre d\u00e9veloppement d\u2019\u00eatres humains. Celui ou celle qui <strong>\u00e9coute votre histoire<\/strong>, se <strong>projette<\/strong> comme si c&rsquo;\u00e9tait la <strong>sienne<\/strong>.<\/p>\n<p class=\"has-body-text-background-color has-background\" align=\"justify\">Les <strong>leaders<\/strong> qui partagent des histoires ont un puissant<strong> avantage <\/strong>sur les autres (<a href=\"https:\/\/hbr.org\/2020\/10\/storytelling-can-make-or-break-your-leadership\">Storytelling Can Make or Break Your Leadership &#8211; hbr.org)<\/a>. Ils savent <strong>incarner<\/strong> le mod\u00e8le qui motivera leurs collaborateur.trices et sont capables de cr\u00e9er <strong>l\u2019engagement<\/strong>, de d\u00e9velopper la <strong>confiance<\/strong> et favoriser <strong>l\u2019innovation<\/strong>.<\/p>\n<p class=\"has-body-text-background-color has-background\" align=\"justify\">Comprendre comment ces histoires nous inspirent, en tant que personne, est la cl\u00e9 pour s\u2019en servir, pour inspirer de la m\u00eame mani\u00e8re nos collaborateurs et les inclure dans un projet d\u2019entreprise commun. En r\u00e9alit\u00e9, nous retenons peu les faits et les chiffres et toutes les choses rationnelles que nous pensons importantes. Les <strong>histoires<\/strong> cr\u00e9ent des <strong>souvenirs<\/strong> au travers de <strong>l\u2019\u00e9motion<\/strong> qu\u2019elles suscitent.<\/p>\n<p class=\"has-body-text-background-color has-background\" align=\"justify\"><strong>Le storytelling<\/strong> est un outil <strong>puissant<\/strong>. S\u2019il est largement utilis\u00e9 par les entreprises dans leur communication externe et leur marketing, il est tout aussi pertinent que les collaborateurs.trices l\u2019utilisent en interne.<\/p>\n<p class=\"has-body-text-background-color has-background\" align=\"justify\">Je vous propose une journ\u00e9e autour du storytelling inspir\u00e9e des travaux de Gabrielle Dolan, mondialement reconnue pour son \u0153uvre \u00ab\u00a0Stories for Work\u00a0\u00bb. Cela vous permettra de :<br \/><br \/>\u2022Comprendre les <strong>principes <\/strong>et la <strong>science<\/strong> du storytelling<br \/>\u2022Int\u00e9grer <strong>l\u2019\u00e9motionnel<\/strong> dans la narration et donner davantage de <strong>sens<\/strong> \u00e0 vos pr\u00e9sentations<br \/>\u2022Mettre en pratique l\u2019art du r\u00e9cit et des histoires pour \u2026 <strong>Captiver<\/strong>!<\/p>\n\n\n<p class=\"has-text-align-right has-text-color gutenify-section-c454f6a0-e3bd-11ed-982c-f75187af9dda gtfy-8\" style=\"color:#1db460\">\u00ab <em>Les gens oublieront ce que vous avez dit.<\/em><br><em>Les gens oublieront ce que vous avez fait.<\/em><br><em>Mais ils n&rsquo;oublieront jamais ce qu&rsquo;ils ont ressenti gr\u00e2ce \u00e0 vous.&nbsp;\u00bb<\/em><\/p>\n\n\n\n<p class=\"has-text-align-right has-text-color gutenify-section-c4556bd0-e3bd-11ed-982c-f75187af9dda gtfy-11\" style=\"color:#1db460\"><em>Maya Angelou<\/em><\/p>\n","protected":false},"excerpt":{"rendered":"<p>L\u2019Homme n\u2019est pas seulement construit pour raconter des histoires mais aussi pour les \u00e9couter. Les [&hellip;]<\/p>\n","protected":false},"author":1,"featured_media":0,"parent":0,"menu_order":0,"comment_status":"closed","ping_status":"closed","template":"","meta":{"_acf_changed":false,"_eb_attr":"","footnotes":""},"class_list":["post-170","page","type-page","status-publish","hentry"],"acf":[],"yoast_head":"<!-- This site is optimized with the Yoast SEO plugin v27.4 - https:\/\/yoast.com\/product\/yoast-seo-wordpress\/ -->\n<title>Storytelling - Lesaulerieur<\/title>\n<meta name=\"robots\" content=\"index, follow, max-snippet:-1, max-image-preview:large, max-video-preview:-1\" \/>\n<link rel=\"canonical\" href=\"https:\/\/lesaulerieur.com\/fr\/storytelling\/\" \/>\n<meta property=\"og:locale\" content=\"fr_FR\" \/>\n<meta property=\"og:type\" content=\"article\" \/>\n<meta property=\"og:title\" content=\"Storytelling - Lesaulerieur\" \/>\n<meta property=\"og:description\" content=\"L\u2019Homme n\u2019est pas seulement construit pour raconter des histoires mais aussi pour les \u00e9couter. Les [&hellip;]\" \/>\n<meta property=\"og:url\" content=\"https:\/\/lesaulerieur.com\/fr\/storytelling\/\" \/>\n<meta property=\"og:site_name\" content=\"Lesaulerieur\" \/>\n<meta property=\"article:modified_time\" content=\"2024-05-27T13:30:25+00:00\" \/>\n<meta property=\"og:image\" content=\"http:\/\/lesaulerieur.com\/wp-content\/uploads\/2023\/03\/zyro-image.jpg\" \/>\n<meta name=\"twitter:card\" content=\"summary_large_image\" \/>\n<meta name=\"twitter:label1\" content=\"Dur\u00e9e de lecture estim\u00e9e\" \/>\n\t<meta name=\"twitter:data1\" content=\"2 minutes\" \/>\n<script type=\"application\/ld+json\" class=\"yoast-schema-graph\">{\"@context\":\"https:\\\/\\\/schema.org\",\"@graph\":[{\"@type\":\"WebPage\",\"@id\":\"https:\\\/\\\/lesaulerieur.com\\\/storytelling\\\/\",\"url\":\"https:\\\/\\\/lesaulerieur.com\\\/storytelling\\\/\",\"name\":\"Storytelling - Lesaulerieur\",\"isPartOf\":{\"@id\":\"https:\\\/\\\/lesaulerieur.com\\\/fr\\\/#website\"},\"primaryImageOfPage\":{\"@id\":\"https:\\\/\\\/lesaulerieur.com\\\/storytelling\\\/#primaryimage\"},\"image\":{\"@id\":\"https:\\\/\\\/lesaulerieur.com\\\/storytelling\\\/#primaryimage\"},\"thumbnailUrl\":\"http:\\\/\\\/lesaulerieur.com\\\/wp-content\\\/uploads\\\/2023\\\/03\\\/zyro-image.jpg\",\"datePublished\":\"2023-02-13T18:43:15+00:00\",\"dateModified\":\"2024-05-27T13:30:25+00:00\",\"breadcrumb\":{\"@id\":\"https:\\\/\\\/lesaulerieur.com\\\/storytelling\\\/#breadcrumb\"},\"inLanguage\":\"fr-FR\",\"potentialAction\":[{\"@type\":\"ReadAction\",\"target\":[\"https:\\\/\\\/lesaulerieur.com\\\/storytelling\\\/\"]}]},{\"@type\":\"ImageObject\",\"inLanguage\":\"fr-FR\",\"@id\":\"https:\\\/\\\/lesaulerieur.com\\\/storytelling\\\/#primaryimage\",\"url\":\"http:\\\/\\\/lesaulerieur.com\\\/wp-content\\\/uploads\\\/2023\\\/03\\\/zyro-image.jpg\",\"contentUrl\":\"http:\\\/\\\/lesaulerieur.com\\\/wp-content\\\/uploads\\\/2023\\\/03\\\/zyro-image.jpg\"},{\"@type\":\"BreadcrumbList\",\"@id\":\"https:\\\/\\\/lesaulerieur.com\\\/storytelling\\\/#breadcrumb\",\"itemListElement\":[{\"@type\":\"ListItem\",\"position\":1,\"name\":\"Home\",\"item\":\"https:\\\/\\\/lesaulerieur.com\\\/\"},{\"@type\":\"ListItem\",\"position\":2,\"name\":\"Storytelling\"}]},{\"@type\":\"WebSite\",\"@id\":\"https:\\\/\\\/lesaulerieur.com\\\/fr\\\/#website\",\"url\":\"https:\\\/\\\/lesaulerieur.com\\\/fr\\\/\",\"name\":\"Lesaulerieur\",\"description\":\"\",\"publisher\":{\"@id\":\"https:\\\/\\\/lesaulerieur.com\\\/fr\\\/#organization\"},\"potentialAction\":[{\"@type\":\"SearchAction\",\"target\":{\"@type\":\"EntryPoint\",\"urlTemplate\":\"https:\\\/\\\/lesaulerieur.com\\\/fr\\\/?s={search_term_string}\"},\"query-input\":{\"@type\":\"PropertyValueSpecification\",\"valueRequired\":true,\"valueName\":\"search_term_string\"}}],\"inLanguage\":\"fr-FR\"},{\"@type\":\"Organization\",\"@id\":\"https:\\\/\\\/lesaulerieur.com\\\/fr\\\/#organization\",\"name\":\"Lesaulerieur\",\"url\":\"https:\\\/\\\/lesaulerieur.com\\\/fr\\\/\",\"logo\":{\"@type\":\"ImageObject\",\"inLanguage\":\"fr-FR\",\"@id\":\"https:\\\/\\\/lesaulerieur.com\\\/fr\\\/#\\\/schema\\\/logo\\\/image\\\/\",\"url\":\"https:\\\/\\\/lesaulerieur.com\\\/wp-content\\\/uploads\\\/2026\\\/03\\\/exports-saule-rieur-transparent8-1.png\",\"contentUrl\":\"https:\\\/\\\/lesaulerieur.com\\\/wp-content\\\/uploads\\\/2026\\\/03\\\/exports-saule-rieur-transparent8-1.png\",\"width\":2480,\"height\":1240,\"caption\":\"Lesaulerieur\"},\"image\":{\"@id\":\"https:\\\/\\\/lesaulerieur.com\\\/fr\\\/#\\\/schema\\\/logo\\\/image\\\/\"},\"sameAs\":[\"https:\\\/\\\/www.linkedin.com\\\/in\\\/anita-cassagne-2625a62\\\/\"]}]}<\/script>\n<!-- \/ Yoast SEO plugin. -->","yoast_head_json":{"title":"Storytelling - Lesaulerieur","robots":{"index":"index","follow":"follow","max-snippet":"max-snippet:-1","max-image-preview":"max-image-preview:large","max-video-preview":"max-video-preview:-1"},"canonical":"https:\/\/lesaulerieur.com\/fr\/storytelling\/","og_locale":"fr_FR","og_type":"article","og_title":"Storytelling - Lesaulerieur","og_description":"L\u2019Homme n\u2019est pas seulement construit pour raconter des histoires mais aussi pour les \u00e9couter. Les [&hellip;]","og_url":"https:\/\/lesaulerieur.com\/fr\/storytelling\/","og_site_name":"Lesaulerieur","article_modified_time":"2024-05-27T13:30:25+00:00","og_image":[{"url":"http:\/\/lesaulerieur.com\/wp-content\/uploads\/2023\/03\/zyro-image.jpg","type":"","width":"","height":""}],"twitter_card":"summary_large_image","twitter_misc":{"Dur\u00e9e de lecture estim\u00e9e":"2 minutes"},"schema":{"@context":"https:\/\/schema.org","@graph":[{"@type":"WebPage","@id":"https:\/\/lesaulerieur.com\/storytelling\/","url":"https:\/\/lesaulerieur.com\/storytelling\/","name":"Storytelling - Lesaulerieur","isPartOf":{"@id":"https:\/\/lesaulerieur.com\/fr\/#website"},"primaryImageOfPage":{"@id":"https:\/\/lesaulerieur.com\/storytelling\/#primaryimage"},"image":{"@id":"https:\/\/lesaulerieur.com\/storytelling\/#primaryimage"},"thumbnailUrl":"http:\/\/lesaulerieur.com\/wp-content\/uploads\/2023\/03\/zyro-image.jpg","datePublished":"2023-02-13T18:43:15+00:00","dateModified":"2024-05-27T13:30:25+00:00","breadcrumb":{"@id":"https:\/\/lesaulerieur.com\/storytelling\/#breadcrumb"},"inLanguage":"fr-FR","potentialAction":[{"@type":"ReadAction","target":["https:\/\/lesaulerieur.com\/storytelling\/"]}]},{"@type":"ImageObject","inLanguage":"fr-FR","@id":"https:\/\/lesaulerieur.com\/storytelling\/#primaryimage","url":"http:\/\/lesaulerieur.com\/wp-content\/uploads\/2023\/03\/zyro-image.jpg","contentUrl":"http:\/\/lesaulerieur.com\/wp-content\/uploads\/2023\/03\/zyro-image.jpg"},{"@type":"BreadcrumbList","@id":"https:\/\/lesaulerieur.com\/storytelling\/#breadcrumb","itemListElement":[{"@type":"ListItem","position":1,"name":"Home","item":"https:\/\/lesaulerieur.com\/"},{"@type":"ListItem","position":2,"name":"Storytelling"}]},{"@type":"WebSite","@id":"https:\/\/lesaulerieur.com\/fr\/#website","url":"https:\/\/lesaulerieur.com\/fr\/","name":"Lesaulerieur","description":"","publisher":{"@id":"https:\/\/lesaulerieur.com\/fr\/#organization"},"potentialAction":[{"@type":"SearchAction","target":{"@type":"EntryPoint","urlTemplate":"https:\/\/lesaulerieur.com\/fr\/?s={search_term_string}"},"query-input":{"@type":"PropertyValueSpecification","valueRequired":true,"valueName":"search_term_string"}}],"inLanguage":"fr-FR"},{"@type":"Organization","@id":"https:\/\/lesaulerieur.com\/fr\/#organization","name":"Lesaulerieur","url":"https:\/\/lesaulerieur.com\/fr\/","logo":{"@type":"ImageObject","inLanguage":"fr-FR","@id":"https:\/\/lesaulerieur.com\/fr\/#\/schema\/logo\/image\/","url":"https:\/\/lesaulerieur.com\/wp-content\/uploads\/2026\/03\/exports-saule-rieur-transparent8-1.png","contentUrl":"https:\/\/lesaulerieur.com\/wp-content\/uploads\/2026\/03\/exports-saule-rieur-transparent8-1.png","width":2480,"height":1240,"caption":"Lesaulerieur"},"image":{"@id":"https:\/\/lesaulerieur.com\/fr\/#\/schema\/logo\/image\/"},"sameAs":["https:\/\/www.linkedin.com\/in\/anita-cassagne-2625a62\/"]}]}},"_links":{"self":[{"href":"https:\/\/lesaulerieur.com\/fr\/wp-json\/wp\/v2\/pages\/170","targetHints":{"allow":["GET"]}}],"collection":[{"href":"https:\/\/lesaulerieur.com\/fr\/wp-json\/wp\/v2\/pages"}],"about":[{"href":"https:\/\/lesaulerieur.com\/fr\/wp-json\/wp\/v2\/types\/page"}],"author":[{"embeddable":true,"href":"https:\/\/lesaulerieur.com\/fr\/wp-json\/wp\/v2\/users\/1"}],"replies":[{"embeddable":true,"href":"https:\/\/lesaulerieur.com\/fr\/wp-json\/wp\/v2\/comments?post=170"}],"version-history":[{"count":15,"href":"https:\/\/lesaulerieur.com\/fr\/wp-json\/wp\/v2\/pages\/170\/revisions"}],"predecessor-version":[{"id":658,"href":"https:\/\/lesaulerieur.com\/fr\/wp-json\/wp\/v2\/pages\/170\/revisions\/658"}],"wp:attachment":[{"href":"https:\/\/lesaulerieur.com\/fr\/wp-json\/wp\/v2\/media?parent=170"}],"curies":[{"name":"wp","href":"https:\/\/api.w.org\/{rel}","templated":true}]}}