{"id":2811,"date":"2026-03-23T15:44:30","date_gmt":"2026-03-23T15:44:30","guid":{"rendered":"https:\/\/lesaulerieur.com\/?page_id=2811"},"modified":"2026-03-23T15:49:31","modified_gmt":"2026-03-23T15:49:31","slug":"la-culture-dentreprise-ressemble-toujours-a-ses-leaders","status":"publish","type":"page","link":"https:\/\/lesaulerieur.com\/fr\/ressources\/la-culture-dentreprise-ressemble-toujours-a-ses-leaders\/","title":{"rendered":"La culture d\u2019entreprise ressemble toujours \u00e0 ses leaders"},"content":{"rendered":"\n        <div class=\"root-eb-breadcrumb-wf7sf wp-block-essential-blocks-breadcrumbs gtfy-1\">\n            <div class=\"eb-parent-wrapper eb-parent-eb-breadcrumb-wf7sf \">\n                <div aria-label=\"Breadcrumb\" class=\"eb-breadcrumb-wrapper eb-breadcrumb-wf7sf\" data-id=\"eb-breadcrumb-wf7sf\">\n                    \n                    <span class=\"eb-breadcrumb-item current\">Page<\/span><\/div>\n                <\/div>\n            <\/div>\n        <\/div>\n\n\n<div class=\"wp-block-essential-blocks-row alignfull  root-eb-row-x1yr7 gtfy-6\"><div class=\"eb-parent-wrapper eb-parent-eb-row-x1yr7 \"><div class=\"eb-row-root-container eb-row-x1yr7\" data-id=\"eb-row-x1yr7\"><div class=\"eb-row-wrapper\"><div class=\"eb-row-inner\">\n<div class=\"wp-block-essential-blocks-column  root-eb-column-bux8o gtfy-5\"><div class=\"eb-parent-wrapper eb-parent-eb-column-bux8o \"><div class=\"eb-column-wrapper eb-column-bux8o\"><div class=\"eb-column-inner\">\n<h2 class=\"wp-block-heading gtfy-4\"><strong><br>La culture d\u2019entreprise ressemble toujours \u00e0 ses leaders<\/strong><br><\/h2>\n<\/div><\/div><\/div><\/div>\n<\/div><\/div><\/div><\/div><\/div>\n\n\n\n<div class=\"wp-block-essential-blocks-row alignfull  root-eb-row-0h9h9 gtfy-60\"><div class=\"eb-parent-wrapper eb-parent-eb-row-0h9h9 \"><div class=\"eb-row-root-container eb-row-0h9h9\" data-id=\"eb-row-0h9h9\"><div class=\"eb-row-wrapper\"><div class=\"eb-row-inner\">\n<div class=\"wp-block-essential-blocks-column  root-eb-column-h2yfh gtfy-59\"><div class=\"eb-parent-wrapper eb-parent-eb-column-h2yfh \"><div class=\"eb-column-wrapper eb-column-h2yfh\"><div class=\"eb-column-inner\">\n<p class=\"gtfy-9\">La culture d\u2019entreprise est l\u2019ADN vivant d\u2019une organisation, un syst\u00e8me de valeurs r\u00e9ellement v\u00e9cues qui structure le quotidien. Elle s\u2019exprime dans le style de management, dans la mani\u00e8re dont les \u00e9quipes communiquent, dans les rituels collectifs &#8211; r\u00e9unions, feedback, c\u00e9l\u00e9brations &#8211; et surtout dans les normes implicites qui guident les d\u00e9cisions : comment on tranche, comment on g\u00e8re une erreur, comment on d\u00e9bat d\u2019une id\u00e9e.<\/p>\n\n\n\n<p class=\"gtfy-10\">En r\u00e9alit\u00e9, la culture influence tout. Elle fa\u00e7onne la fa\u00e7on dont les d\u00e9cisions sont prises, le niveau d\u2019engagement des \u00e9quipes, la capacit\u00e9 \u00e0 innover, la perception de la marque et m\u00eame la tol\u00e9rance au risque.&nbsp;<\/p>\n\n\n\n<p class=\"gtfy-11\">Quand elle est claire et incarn\u00e9e, la culture devient un puissant moteur de coh\u00e9rence et de performance. Quand elle est floue ou mal align\u00e9e, les organisations ne perdent pas seulement la confiance des \u00e9quipes. <strong>Elles perdent leur capacit\u00e9 \u00e0 avancer ensemble.<\/strong><\/p>\n\n\n\n<h2 class=\"wp-block-heading gtfy-12\"><strong>La vraie culture se r\u00e9v\u00e8le dans les comportements quotidiens<\/strong><\/h2>\n\n\n\n<p class=\"has-background-color has-text-color has-link-color wp-elements-a99f7a488fca2c1dc646e84d2a2e7055 gtfy-13\">Beaucoup d\u2019entreprises affichent leurs valeurs : sur les murs, sur le site carri\u00e8re, dans les pr\u00e9sentations internes. Mais la culture d\u2019une organisation ne se lit jamais dans une liste de mots. Elle se r\u00e9v\u00e8le dans ce qui se passe au quotidien.<\/p>\n\n\n\n<p class=\"gtfy-14\">La culture appara\u00eet surtout dans les moments ordinaires : lorsque l\u2019\u00e9quipe traverse une erreur, lorsque les leaders expliquent une d\u00e9cision difficile, lorsque la pression monte et que les managers doivent arbitrer, ou encore lorsque vient le moment de reconna\u00eetre une contribution.<\/p>\n\n\n\n<p class=\"gtfy-15\">Les \u00e9quipes observent constamment les signaux envoy\u00e9s par les leaders.<\/p>\n\n\n\n<p class=\"gtfy-16\">La culture d\u2019une organisation correspond donc tr\u00e8s concr\u00e8tement aux comportements que l\u2019on encourage\u2026 et \u00e0 ceux que l\u2019on tol\u00e8re.<\/p>\n\n\n\n<p class=\"gtfy-17\">Si une entreprise affirme valoriser la collaboration mais r\u00e9compense essentiellement les performances individuelles, la culture r\u00e9elle devient comp\u00e9titive. Si elle parle d\u2019innovation mais sanctionne l\u2019erreur, les \u00e9quipes apprennent rapidement \u00e0 \u00e9viter le risque.<\/p>\n\n\n\n<p class=\"gtfy-18\">Ce sont les comportements des leaders qui d\u00e9finissent r\u00e9ellement la culture.&nbsp;<\/p>\n\n\n\n<p class=\"has-background-color has-text-color has-link-color wp-elements-179899348ed6872c98f252d11666670c gtfy-19\">Alors une question pour vous; quels comportements sont r\u00e9ellement r\u00e9compens\u00e9s dans votre organisation? Do you \u201cwalk the talk\u201d?<\/p>\n\n\n\n<h2 class=\"wp-block-heading gtfy-20\"><strong>La s\u00e9curit\u00e9 psychologique : la fondation invisible<\/strong><\/h2>\n\n\n\n<p class=\"gtfy-21\">Une culture saine repose sur un \u00e9l\u00e9ment cl\u00e9 : <strong>la s\u00e9curit\u00e9 psychologique<\/strong>.<\/p>\n\n\n\n<p class=\"gtfy-22\">Simon Sinek parle du <em>Circle of Safety<\/em>.<\/p>\n\n\n\n<p class=\"gtfy-23\">Dans une \u00e9quipe o\u00f9 la s\u00e9curit\u00e9 psychologique existe, les collaborateurs savent qu\u2019ils peuvent poser une question, partager une id\u00e9e, \u00eatre \u00e9cout\u00e9s, \u00e9mettre une erreur ou demander de l\u2019aide &#8211;&nbsp; sans craindre d\u2019\u00eatre humili\u00e9s ou sanctionn\u00e9s.<\/p>\n\n\n\n<p class=\"gtfy-24\">Quand cet espace existe, la collaboration, l\u2019innovation et l\u2019engagement augmentent naturellement.<\/p>\n\n\n\n<p class=\"gtfy-25\">R\u00e9trospectivement: ne pas avoir b\u00e9n\u00e9fici\u00e9 d\u2019un cadre de s\u00e9curit\u00e9 psychologique pendant 8 ans a eu son impact sur mon \u00e9nergie, mon \u00e9tat d\u2019esprit au sein de l\u2019\u00e9quipe et ma progression de carri\u00e8re.<\/p>\n\n\n\n<p class=\"gtfy-26\"><\/p>\n\n\n\n<h2 class=\"wp-block-heading gtfy-27\"><strong>Faire vivre les valeurs&nbsp;<\/strong><\/h2>\n\n\n\n<p class=\"gtfy-28\">Une liste de valeurs vagues ne change aucun comportement.<\/p>\n\n\n\n<p class=\"gtfy-29\">Int\u00e9grit\u00e9. Respect. Excellence. Innovation.<\/p>\n\n\n\n<p class=\"gtfy-30\">Des mots inspirants\u2026 mais rarement actionnables.<\/p>\n\n\n\n<p class=\"gtfy-31\">Dans mes sources de lecture inspirantes, Gustavo Razzetti propose une approche plus concr\u00e8te : <strong>traduire les valeurs en comportements observables<\/strong>.<\/p>\n\n\n\n<p class=\"gtfy-32\">Par exemple : au lieu de dire : <em>\u00ab Nous valorisons le respect \u00bb<\/em><\/p>\n\n\n\n<p class=\"gtfy-33\">Dire :<\/p>\n\n\n\n<ul class=\"wp-block-list gtfy-37\">\n<li class=\"gtfy-34 gutenify-list-item\">\u00ab Nous challengeons les id\u00e9es, jamais les personnes. \u00bb<\/li>\n\n\n\n<li class=\"gtfy-35 gutenify-list-item\">\u00ab Les erreurs sont partag\u00e9es pour apprendre. \u00bb<\/li>\n\n\n\n<li class=\"gtfy-36 gutenify-list-item\">\u00ab Les d\u00e9cisions sont expliqu\u00e9es, m\u00eame lorsqu\u2019elles sont difficiles. \u00bb<\/li>\n<\/ul>\n\n\n\n<p class=\"gtfy-38\">La culture devient alors <strong>visible et praticable<\/strong>.<\/p>\n\n\n\n<p class=\"gtfy-39\">Une mani\u00e8re de faire: <strong>Harvard Business Review<\/strong> partage un conseil tr\u00e8s simple pour tester la culture d\u2019une organisation.<\/p>\n\n\n\n<p class=\"gtfy-40\">Une fois par mois : invitez un manager interm\u00e9diaire \u00e0 <strong>observer silencieusement une r\u00e9union du comit\u00e9 de direction<\/strong>.<\/p>\n\n\n\n<p class=\"gtfy-41\">Apr\u00e8s la r\u00e9union, posez une seule question : <strong>qu\u2019est-ce qui vous a sembl\u00e9 align\u00e9 avec notre culture &#8211;&nbsp; et qu\u2019est-ce qui ne l\u2019\u00e9tait pas ?<\/strong>Les \u00e9quipes n\u2019attendent pas des leaders parfaits. Elles attendent <strong>de la coh\u00e9rence<\/strong>, surtout quand cela co\u00fbte quelque chose : du temps, du pouvoir, de la vitesse.<\/p>\n\n\n\n<h2 class=\"wp-block-heading gtfy-42\"><strong>La culture se construit chaque jour<\/strong><\/h2>\n\n\n\n<p class=\"gtfy-43\">Elle se fa\u00e7onne dans des moments tr\u00e8s concrets : un recrutement, une promotion, une d\u00e9cision difficile, la mani\u00e8re dont une erreur est trait\u00e9e..<\/p>\n\n\n\n<p class=\"gtfy-44\">Chaque d\u00e9cision envoie un signal. Et ces signaux construisent l\u2019h\u00e9ritage invisible de l\u2019organisation.<\/p>\n\n\n\n<h2 class=\"wp-block-heading gtfy-45\"><strong>Comment commencer concr\u00e8tement: trois premi\u00e8res actions pour les leaders<\/strong><\/h2>\n\n\n\n<p class=\"gtfy-46\">Pour commencer simplement :<\/p>\n\n\n\n<p class=\"gtfy-47\"><strong>1. Observer les comportements r\u00e9ellement r\u00e9compens\u00e9s<\/strong><strong><br><\/strong>Qui re\u00e7oit de la reconnaissance dans votre organisation ? Pourquoi ?<\/p>\n\n\n\n<p class=\"gtfy-48\"><strong>2. Traduire une valeur en comportements visibles<\/strong><strong><br><\/strong>Choisissez une valeur cl\u00e9 et d\u00e9finissez trois comportements pr\u00e9cis associ\u00e9s.<\/p>\n\n\n\n<p class=\"gtfy-49\"><strong>3. Cr\u00e9er plus de s\u00e9curit\u00e9 psychologique en r\u00e9union<\/strong><strong><br><\/strong>Commencez par poser une question simple : <strong>qui voit les choses diff\u00e9remment ?<\/strong><\/p>\n\n\n\n<p class=\"gtfy-50\">Ce type de micro-pratiques transforme rapidement les dynamiques d\u2019\u00e9quipe.<\/p>\n\n\n\n<h2 class=\"wp-block-heading gtfy-51\"><strong>Et si la culture devenait votre levier de leadership ?<\/strong><\/h2>\n\n\n\n<p class=\"gtfy-52\">La culture un levier strat\u00e9gique puissant pour :<\/p>\n\n\n\n<ul class=\"wp-block-list gtfy-56\">\n<li class=\"gtfy-53 gutenify-list-item\">renforcer l\u2019engagement<\/li>\n\n\n\n<li class=\"gtfy-54 gutenify-list-item\">d\u00e9velopper des \u00e9quipes responsables<\/li>\n\n\n\n<li class=\"gtfy-55 gutenify-list-item\">cr\u00e9er une performance durable<\/li>\n<\/ul>\n\n\n\n<p class=\"gtfy-57\">J\u2019\u2019accompagne les organisations \u00e0 traduire leur culture en comportements concrets, rituels d\u2019\u00e9quipe et pratiques manag\u00e9riales qui fonctionnent r\u00e9ellement au quotidien.<\/p>\n\n\n\n<p class=\"gtfy-58\">Si ce sujet r\u00e9sonne avec vos enjeux de leadership, je serai ravie d\u2019en discuter.<\/p>\n<\/div><\/div><\/div><\/div>\n<\/div><\/div><\/div><\/div><\/div>\n\n\n\n<p class=\"gtfy-63\"><a href=\"https:\/\/lesaulerieur.com\/fr\/240-2\/\"><strong><span style=\"text-decoration: underline;\">Contactez-moi<\/span><\/strong><\/a> pour en parler !&nbsp;<br><\/p>\n\n\n\n<div style=\"height:0px\" aria-hidden=\"true\" class=\"wp-block-spacer gtfy-66\"><\/div>\n\n\n\n<div style=\"height:0px\" aria-hidden=\"true\" class=\"wp-block-spacer gtfy-69\"><\/div>\n\n\n\n<div style=\"height:5px\" aria-hidden=\"true\" class=\"wp-block-spacer gtfy-72\"><\/div>\n\n\n\n<div style=\"height:5px\" aria-hidden=\"true\" class=\"wp-block-spacer gtfy-75\"><\/div>\n\n\n\n<div style=\"height:0px\" aria-hidden=\"true\" class=\"wp-block-spacer gtfy-78\"><\/div>\n","protected":false},"excerpt":{"rendered":"<p>Contactez-moi pour en parler !&nbsp;<\/p>\n","protected":false},"author":1,"featured_media":340,"parent":2146,"menu_order":0,"comment_status":"closed","ping_status":"closed","template":"","meta":{"_acf_changed":false,"_eb_attr":"","footnotes":""},"class_list":["post-2811","page","type-page","status-publish","has-post-thumbnail","hentry"],"acf":[],"yoast_head":"<!-- This site is optimized with the Yoast SEO plugin v27.4 - https:\/\/yoast.com\/product\/yoast-seo-wordpress\/ -->\n<title>La culture d\u2019entreprise ressemble toujours \u00e0 ses leaders<\/title>\n<meta name=\"robots\" content=\"index, follow, max-snippet:-1, max-image-preview:large, max-video-preview:-1\" \/>\n<link rel=\"canonical\" href=\"https:\/\/lesaulerieur.com\/fr\/ressources\/la-culture-dentreprise-ressemble-toujours-a-ses-leaders\/\" \/>\n<meta property=\"og:locale\" content=\"fr_FR\" \/>\n<meta property=\"og:type\" content=\"article\" \/>\n<meta property=\"og:title\" content=\"La culture d\u2019entreprise ressemble toujours \u00e0 ses leaders\" \/>\n<meta property=\"og:description\" content=\"Contactez-moi pour en parler !&nbsp;\" \/>\n<meta property=\"og:url\" content=\"https:\/\/lesaulerieur.com\/fr\/ressources\/la-culture-dentreprise-ressemble-toujours-a-ses-leaders\/\" \/>\n<meta property=\"og:site_name\" content=\"Lesaulerieur\" \/>\n<meta property=\"article:modified_time\" content=\"2026-03-23T15:49:31+00:00\" \/>\n<meta property=\"og:image\" content=\"https:\/\/lesaulerieur.com\/wp-content\/uploads\/2023\/03\/exports-saule-rieur6.png\" \/>\n\t<meta property=\"og:image:width\" content=\"2480\" \/>\n\t<meta property=\"og:image:height\" content=\"1240\" \/>\n\t<meta property=\"og:image:type\" content=\"image\/png\" \/>\n<meta name=\"twitter:card\" content=\"summary_large_image\" \/>\n<meta name=\"twitter:label1\" content=\"Dur\u00e9e de lecture estim\u00e9e\" \/>\n\t<meta name=\"twitter:data1\" content=\"4 minutes\" \/>\n<script type=\"application\/ld+json\" class=\"yoast-schema-graph\">{\"@context\":\"https:\\\/\\\/schema.org\",\"@graph\":[{\"@type\":\"WebPage\",\"@id\":\"https:\\\/\\\/lesaulerieur.com\\\/ressources\\\/la-culture-dentreprise-ressemble-toujours-a-ses-leaders\\\/\",\"url\":\"https:\\\/\\\/lesaulerieur.com\\\/ressources\\\/la-culture-dentreprise-ressemble-toujours-a-ses-leaders\\\/\",\"name\":\"La culture d\u2019entreprise ressemble toujours \u00e0 ses leaders\",\"isPartOf\":{\"@id\":\"https:\\\/\\\/lesaulerieur.com\\\/fr\\\/#website\"},\"primaryImageOfPage\":{\"@id\":\"https:\\\/\\\/lesaulerieur.com\\\/ressources\\\/la-culture-dentreprise-ressemble-toujours-a-ses-leaders\\\/#primaryimage\"},\"image\":{\"@id\":\"https:\\\/\\\/lesaulerieur.com\\\/ressources\\\/la-culture-dentreprise-ressemble-toujours-a-ses-leaders\\\/#primaryimage\"},\"thumbnailUrl\":\"https:\\\/\\\/lesaulerieur.com\\\/wp-content\\\/uploads\\\/2023\\\/03\\\/exports-saule-rieur6.png\",\"datePublished\":\"2026-03-23T15:44:30+00:00\",\"dateModified\":\"2026-03-23T15:49:31+00:00\",\"breadcrumb\":{\"@id\":\"https:\\\/\\\/lesaulerieur.com\\\/ressources\\\/la-culture-dentreprise-ressemble-toujours-a-ses-leaders\\\/#breadcrumb\"},\"inLanguage\":\"fr-FR\",\"potentialAction\":[{\"@type\":\"ReadAction\",\"target\":[\"https:\\\/\\\/lesaulerieur.com\\\/ressources\\\/la-culture-dentreprise-ressemble-toujours-a-ses-leaders\\\/\"]}]},{\"@type\":\"ImageObject\",\"inLanguage\":\"fr-FR\",\"@id\":\"https:\\\/\\\/lesaulerieur.com\\\/ressources\\\/la-culture-dentreprise-ressemble-toujours-a-ses-leaders\\\/#primaryimage\",\"url\":\"https:\\\/\\\/lesaulerieur.com\\\/wp-content\\\/uploads\\\/2023\\\/03\\\/exports-saule-rieur6.png\",\"contentUrl\":\"https:\\\/\\\/lesaulerieur.com\\\/wp-content\\\/uploads\\\/2023\\\/03\\\/exports-saule-rieur6.png\",\"width\":2480,\"height\":1240},{\"@type\":\"BreadcrumbList\",\"@id\":\"https:\\\/\\\/lesaulerieur.com\\\/ressources\\\/la-culture-dentreprise-ressemble-toujours-a-ses-leaders\\\/#breadcrumb\",\"itemListElement\":[{\"@type\":\"ListItem\",\"position\":1,\"name\":\"Home\",\"item\":\"https:\\\/\\\/lesaulerieur.com\\\/\"},{\"@type\":\"ListItem\",\"position\":2,\"name\":\"Ressources\",\"item\":\"https:\\\/\\\/lesaulerieur.com\\\/ressources\\\/\"},{\"@type\":\"ListItem\",\"position\":3,\"name\":\"La culture d\u2019entreprise ressemble toujours \u00e0 ses leaders\"}]},{\"@type\":\"WebSite\",\"@id\":\"https:\\\/\\\/lesaulerieur.com\\\/fr\\\/#website\",\"url\":\"https:\\\/\\\/lesaulerieur.com\\\/fr\\\/\",\"name\":\"Lesaulerieur\",\"description\":\"\",\"publisher\":{\"@id\":\"https:\\\/\\\/lesaulerieur.com\\\/fr\\\/#organization\"},\"potentialAction\":[{\"@type\":\"SearchAction\",\"target\":{\"@type\":\"EntryPoint\",\"urlTemplate\":\"https:\\\/\\\/lesaulerieur.com\\\/fr\\\/?s={search_term_string}\"},\"query-input\":{\"@type\":\"PropertyValueSpecification\",\"valueRequired\":true,\"valueName\":\"search_term_string\"}}],\"inLanguage\":\"fr-FR\"},{\"@type\":\"Organization\",\"@id\":\"https:\\\/\\\/lesaulerieur.com\\\/fr\\\/#organization\",\"name\":\"Lesaulerieur\",\"url\":\"https:\\\/\\\/lesaulerieur.com\\\/fr\\\/\",\"logo\":{\"@type\":\"ImageObject\",\"inLanguage\":\"fr-FR\",\"@id\":\"https:\\\/\\\/lesaulerieur.com\\\/fr\\\/#\\\/schema\\\/logo\\\/image\\\/\",\"url\":\"https:\\\/\\\/lesaulerieur.com\\\/wp-content\\\/uploads\\\/2026\\\/03\\\/exports-saule-rieur-transparent8-1.png\",\"contentUrl\":\"https:\\\/\\\/lesaulerieur.com\\\/wp-content\\\/uploads\\\/2026\\\/03\\\/exports-saule-rieur-transparent8-1.png\",\"width\":2480,\"height\":1240,\"caption\":\"Lesaulerieur\"},\"image\":{\"@id\":\"https:\\\/\\\/lesaulerieur.com\\\/fr\\\/#\\\/schema\\\/logo\\\/image\\\/\"},\"sameAs\":[\"https:\\\/\\\/www.linkedin.com\\\/in\\\/anita-cassagne-2625a62\\\/\"]}]}<\/script>\n<!-- \/ Yoast SEO plugin. -->","yoast_head_json":{"title":"La culture d\u2019entreprise ressemble toujours \u00e0 ses leaders","robots":{"index":"index","follow":"follow","max-snippet":"max-snippet:-1","max-image-preview":"max-image-preview:large","max-video-preview":"max-video-preview:-1"},"canonical":"https:\/\/lesaulerieur.com\/fr\/ressources\/la-culture-dentreprise-ressemble-toujours-a-ses-leaders\/","og_locale":"fr_FR","og_type":"article","og_title":"La culture d\u2019entreprise ressemble toujours \u00e0 ses leaders","og_description":"Contactez-moi pour en parler !&nbsp;","og_url":"https:\/\/lesaulerieur.com\/fr\/ressources\/la-culture-dentreprise-ressemble-toujours-a-ses-leaders\/","og_site_name":"Lesaulerieur","article_modified_time":"2026-03-23T15:49:31+00:00","og_image":[{"width":2480,"height":1240,"url":"https:\/\/lesaulerieur.com\/wp-content\/uploads\/2023\/03\/exports-saule-rieur6.png","type":"image\/png"}],"twitter_card":"summary_large_image","twitter_misc":{"Dur\u00e9e de lecture estim\u00e9e":"4 minutes"},"schema":{"@context":"https:\/\/schema.org","@graph":[{"@type":"WebPage","@id":"https:\/\/lesaulerieur.com\/ressources\/la-culture-dentreprise-ressemble-toujours-a-ses-leaders\/","url":"https:\/\/lesaulerieur.com\/ressources\/la-culture-dentreprise-ressemble-toujours-a-ses-leaders\/","name":"La culture d\u2019entreprise ressemble toujours \u00e0 ses leaders","isPartOf":{"@id":"https:\/\/lesaulerieur.com\/fr\/#website"},"primaryImageOfPage":{"@id":"https:\/\/lesaulerieur.com\/ressources\/la-culture-dentreprise-ressemble-toujours-a-ses-leaders\/#primaryimage"},"image":{"@id":"https:\/\/lesaulerieur.com\/ressources\/la-culture-dentreprise-ressemble-toujours-a-ses-leaders\/#primaryimage"},"thumbnailUrl":"https:\/\/lesaulerieur.com\/wp-content\/uploads\/2023\/03\/exports-saule-rieur6.png","datePublished":"2026-03-23T15:44:30+00:00","dateModified":"2026-03-23T15:49:31+00:00","breadcrumb":{"@id":"https:\/\/lesaulerieur.com\/ressources\/la-culture-dentreprise-ressemble-toujours-a-ses-leaders\/#breadcrumb"},"inLanguage":"fr-FR","potentialAction":[{"@type":"ReadAction","target":["https:\/\/lesaulerieur.com\/ressources\/la-culture-dentreprise-ressemble-toujours-a-ses-leaders\/"]}]},{"@type":"ImageObject","inLanguage":"fr-FR","@id":"https:\/\/lesaulerieur.com\/ressources\/la-culture-dentreprise-ressemble-toujours-a-ses-leaders\/#primaryimage","url":"https:\/\/lesaulerieur.com\/wp-content\/uploads\/2023\/03\/exports-saule-rieur6.png","contentUrl":"https:\/\/lesaulerieur.com\/wp-content\/uploads\/2023\/03\/exports-saule-rieur6.png","width":2480,"height":1240},{"@type":"BreadcrumbList","@id":"https:\/\/lesaulerieur.com\/ressources\/la-culture-dentreprise-ressemble-toujours-a-ses-leaders\/#breadcrumb","itemListElement":[{"@type":"ListItem","position":1,"name":"Home","item":"https:\/\/lesaulerieur.com\/"},{"@type":"ListItem","position":2,"name":"Ressources","item":"https:\/\/lesaulerieur.com\/ressources\/"},{"@type":"ListItem","position":3,"name":"La culture d\u2019entreprise ressemble toujours \u00e0 ses leaders"}]},{"@type":"WebSite","@id":"https:\/\/lesaulerieur.com\/fr\/#website","url":"https:\/\/lesaulerieur.com\/fr\/","name":"Lesaulerieur","description":"","publisher":{"@id":"https:\/\/lesaulerieur.com\/fr\/#organization"},"potentialAction":[{"@type":"SearchAction","target":{"@type":"EntryPoint","urlTemplate":"https:\/\/lesaulerieur.com\/fr\/?s={search_term_string}"},"query-input":{"@type":"PropertyValueSpecification","valueRequired":true,"valueName":"search_term_string"}}],"inLanguage":"fr-FR"},{"@type":"Organization","@id":"https:\/\/lesaulerieur.com\/fr\/#organization","name":"Lesaulerieur","url":"https:\/\/lesaulerieur.com\/fr\/","logo":{"@type":"ImageObject","inLanguage":"fr-FR","@id":"https:\/\/lesaulerieur.com\/fr\/#\/schema\/logo\/image\/","url":"https:\/\/lesaulerieur.com\/wp-content\/uploads\/2026\/03\/exports-saule-rieur-transparent8-1.png","contentUrl":"https:\/\/lesaulerieur.com\/wp-content\/uploads\/2026\/03\/exports-saule-rieur-transparent8-1.png","width":2480,"height":1240,"caption":"Lesaulerieur"},"image":{"@id":"https:\/\/lesaulerieur.com\/fr\/#\/schema\/logo\/image\/"},"sameAs":["https:\/\/www.linkedin.com\/in\/anita-cassagne-2625a62\/"]}]}},"_links":{"self":[{"href":"https:\/\/lesaulerieur.com\/fr\/wp-json\/wp\/v2\/pages\/2811","targetHints":{"allow":["GET"]}}],"collection":[{"href":"https:\/\/lesaulerieur.com\/fr\/wp-json\/wp\/v2\/pages"}],"about":[{"href":"https:\/\/lesaulerieur.com\/fr\/wp-json\/wp\/v2\/types\/page"}],"author":[{"embeddable":true,"href":"https:\/\/lesaulerieur.com\/fr\/wp-json\/wp\/v2\/users\/1"}],"replies":[{"embeddable":true,"href":"https:\/\/lesaulerieur.com\/fr\/wp-json\/wp\/v2\/comments?post=2811"}],"version-history":[{"count":3,"href":"https:\/\/lesaulerieur.com\/fr\/wp-json\/wp\/v2\/pages\/2811\/revisions"}],"predecessor-version":[{"id":2816,"href":"https:\/\/lesaulerieur.com\/fr\/wp-json\/wp\/v2\/pages\/2811\/revisions\/2816"}],"up":[{"embeddable":true,"href":"https:\/\/lesaulerieur.com\/fr\/wp-json\/wp\/v2\/pages\/2146"}],"wp:featuredmedia":[{"embeddable":true,"href":"https:\/\/lesaulerieur.com\/fr\/wp-json\/wp\/v2\/media\/340"}],"wp:attachment":[{"href":"https:\/\/lesaulerieur.com\/fr\/wp-json\/wp\/v2\/media?parent=2811"}],"curies":[{"name":"wp","href":"https:\/\/api.w.org\/{rel}","templated":true}]}}