{"id":691,"date":"2024-08-17T14:21:40","date_gmt":"2024-08-17T14:21:40","guid":{"rendered":"https:\/\/lesaulerieur.com\/?page_id=691"},"modified":"2024-08-29T15:07:37","modified_gmt":"2024-08-29T15:07:37","slug":"amplifying-collective-intelligence","status":"publish","type":"page","link":"https:\/\/lesaulerieur.com\/fr\/amplifying-collective-intelligence\/","title":{"rendered":"Amplifier l\u2019intelligence collective"},"content":{"rendered":"\n<div class=\"wp-block-essential-blocks-row alignfull hide-mobile  root-eb-row-3tupp gutenify-section-85df0e90-493f-11ef-9ae6-b5ca1798ff35 gtfy-5\"><div class=\"eb-parent-wrapper eb-parent-eb-row-3tupp \"><div class=\"eb-row-root-container eb-row-3tupp\" data-id=\"eb-row-3tupp\"><div class=\"eb-row-wrapper\"><div class=\"eb-row-inner\">\n<div class=\"wp-block-essential-blocks-column  root-eb-column-x6e0e gutenify-section-85ddaf00-493f-11ef-9ae6-b5ca1798ff35 gtfy-2\"><div class=\"eb-parent-wrapper eb-parent-eb-column-x6e0e \"><div class=\"eb-column-wrapper eb-column-x6e0e\"><div class=\"eb-column-inner\">\n<h1 class=\"wp-block-heading gutenify-section-2af1cb10-1c2d-11ef-b026-e966c8d9abaf gtfy-1\" style=\"padding-right:var(--wp--preset--spacing--70);padding-left:var(--wp--preset--spacing--70);font-size:65px\"><strong><strong><strong>Amplifier l\u2019intelligence collective<\/strong><\/strong><\/strong><\/h1>\n<\/div><\/div><\/div><\/div>\n\n\n\n<div class=\"wp-block-essential-blocks-column  root-eb-column-p8wy9 gutenify-section-85de4b40-493f-11ef-9ae6-b5ca1798ff35 gtfy-4\"><div class=\"eb-parent-wrapper eb-parent-eb-column-p8wy9 eb_animation eb___animated eb___slideInRight\"><div class=\"eb-column-wrapper eb-column-p8wy9\"><div class=\"eb-column-inner\">\n<p class=\"gutenify-section-955cee90-2cd0-11ef-a7b5-45366f628163 gtfy-3\" align=\"justify\" style=\"padding: 1em;padding-left:80px;\">Le co-d\u00e9veloppement est une m\u00e9thode collaborative d\u2019apprentissage et de r\u00e9solution de probl\u00e8mes. Il repose sur l\u2019\u00e9change d\u2019exp\u00e9riences et de connaissances entre pairs. Il ouvre la porte \u00e0 de nouvelles opportunit\u00e9s et permet d\u2019offrir une solution concr\u00e8te aux d\u00e9fis complexes de l&rsquo;organisation. <\/p>\n<\/div><\/div><\/div><\/div>\n<\/div><\/div><\/div><\/div><\/div>\n\n\n\n<div class=\"wp-block-essential-blocks-wrapper hide-desktop  root-eb-wrapper-rv350 gutenify-section-85dfaad0-493f-11ef-9ae6-b5ca1798ff35 gtfy-11\"><div class=\"eb-parent-wrapper eb-parent-eb-wrapper-rv350 \"><div class=\"eb-wrapper-outer eb-wrapper-rv350\"><div class=\"eb-wrapper-inner\"><div class=\"eb-wrapper-inner-blocks eb-wrapper-align-center\">\n<h1 class=\"wp-block-heading has-text-align-center has-gigantic-font-size gutenify-section-69cf4cb0-1e8d-11ef-8d11-99c3c9299bd2 gtfy-8\">Amplifier l\u2019intelligence collective<\/h1>\n\n\n\n<hr class=\"wp-block-separator has-text-color has-alpha-channel-opacity has-background gutenify-section-5daa6a90-1e93-11ef-8d11-99c3c9299bd2 gtfy-9\" style=\"background-color:#1db460;color:#1db460\"\/>\n\n\n\n<p class=\"gutenify-section-955cee90-2cd0-11ef-a7b5-45366f628163 gtfy-10\" align=\"justify\" style=\"padding: 1em\">Le co-d\u00e9veloppement est une m\u00e9thode collaborative d\u2019apprentissage et de r\u00e9solution de probl\u00e8mes. Il repose sur l\u2019\u00e9change d\u2019exp\u00e9riences et de connaissances entre pairs. Il ouvre la porte \u00e0 de nouvelles opportunit\u00e9s et permet d\u2019offrir une solution concr\u00e8te aux d\u00e9fis complexes de l&rsquo;organisation. <\/p>\n<\/div><\/div><\/div><\/div><\/div>\n\n\n\n<div class=\"wp-block-group alignfull display: block; margin: auto; has-foreground-background-color has-background gutenify-section-85dff8f0-493f-11ef-9ae6-b5ca1798ff35 is-layout-constrained wp-container-core-group-is-layout-d794d2f0 wp-block-group-is-layout-constrained gtfy-16\" style=\"border-style:none;border-width:0px;border-radius:0px;min-height:470px;padding-top:0px;padding-right:0px;padding-bottom:0px;padding-left:0px;background-image:url(&apos;https:\/\/lesaulerieur.com\/wp-content\/uploads\/2024\/08\/istockphoto-1333119486-2048x2048-1.png&apos;);background-position:52% 77%;background-size:cover;\">\n<div style=\"height:130px\" aria-hidden=\"true\" class=\"wp-block-spacer gutenify-section-08d716f0-1dd8-11ef-8fdb-178abbc909b0 gtfy-14\"><\/div>\n\n\n\n<p class=\"gutenify-section-ab6fd6d0-2cde-11ef-a34f-f12b2996d7b4 gtfy-15\"><\/p>\n<\/div>\n\n\n\n<p class=\"gutenify-section-a078a350-4940-11ef-9ae6-b5ca1798ff35 gtfy-19\">Nous utilisons la culture de l&rsquo;intelligence collective pour cr\u00e9er un terrain bienveillant et fertile, avec des formats qui incitent le partage, la confiance et la communication fluide.&nbsp;<\/p>\n\n\n\n<p class=\"gutenify-section-48827350-5ca6-11ef-accc-efaa5610e2a1 gtfy-22\">Le Saule Rieur offre la possibilit\u00e9 d\u2019organiser des ateliers de co-d\u00e9veloppement, en pr\u00e9sentiel ou distanciel, qui r\u00e9pondent aux enjeux manag\u00e9riaux.<\/p>\n\n\n\n<p class=\"has-text-align-center gutenify-section-4882e880-5ca6-11ef-accc-efaa5610e2a1 gtfy-25\" style=\"font-size:33px\"><strong>Comment \u00e7a marche ?<\/strong>&nbsp;<\/p>\n\n\n\n<!DOCTYPE html>\n<html class=\"gtfy-28\" lang=\"fr\">\n<head>\n    <meta charset=\"UTF-8\">\n    <meta name=\"viewport\" content=\"width=device-width, initial-scale=1.0\">\n    <title>Processus de Co-D\u00e9veloppement<\/title>\n    <style>\n        body {\n            font-family: Arial, sans-serif;\n            background-color: #f8f9fa;\n            margin: 0;\n            padding: 20px;\n        }\n\n        .process-container {\n            display: flex;\n            flex-wrap: wrap;\n            justify-content: space-between;\n            margin: 20px auto;\npadding-left:15px;\npadding-right:15px;\n            width: 100%;\n            max-width: 1200px;\n            box-sizing: border-box;\n        }\n\n        .process-step {\n            position: relative;\n            background-color: #f0f0f0;\n            padding: 40px 20px 20px;\n            border-radius: 10px;\n            margin: 10px 5px;\n            flex: 1 1 calc(25% - 20px); \/* Chaque \u00e9tape prend environ 25% de la largeur sur grands \u00e9crans *\/\n            box-sizing: border-box;\n            transition: background-color 0.3s ease;\n            text-align: center;\n        }\n\n        .process-step .step-number {\n            position: absolute;\n            top: -15px;\n            left: -15px;\n            background-color: #6c757d;\n            color: white;\n            width: 30px;\n            height: 30px;\n            display: flex;\n            align-items: center;\n            justify-content: center;\n            border-radius: 50%;\n            font-weight: bold;\n        }\n\n        .process-step:hover {\n            background-color: #e0e0e0;\n        }\n\n        .process-step h3 {\n            margin-top: 0;\n            font-size: 16px;\n            color: #333;\n        }\n\n        .process-step p {\n            margin: 10px 0 0;\n            font-size: 14px;\n            color: #555;\n        }\n\n        .process-step.active {\n            background-color: #28a745;\n            color: white;\n        }\n\n        .process-step.active h3,\n        .process-step.active p {\n            color: white;\n        }\n\n        .process-step.active .step-number {\n            background-color: #28a745;\n            color: white;\n        }\n\n        \/* Responsive design adjustments *\/\n        @media screen and (max-width: 1024px) {\n            .process-step {\n                flex: 1 1 calc(33.33% - 20px); \/* Chaque \u00e9tape prend environ 33.33% de la largeur *\/\n            }\n        }\n\n        @media screen and (max-width: 768px) {\n            .process-step {\n                flex: 1 1 calc(50% - 20px); \/* Chaque \u00e9tape prend environ 50% de la largeur *\/\n            }\n        }\n\n        @media screen and (max-width: 480px) {\n            .process-step {\n                flex: 1 1 calc(100% - 20px); \/* Chaque \u00e9tape prend toute la largeur sur mobile *\/\n                margin: 10px 0; \/* R\u00e9duit les marges entre les \u00e9tapes pour mobile *\/\n            }\n        }\n\n    <\/style>\n<\/head>\n<body>\n\n<div class=\"process-container\">\n    <div class=\"process-step\" id=\"step-1\">\n        <div class=\"step-number\">1<\/div>\n        <h3>Constitution du Groupe<\/h3>\n        <p>Formation d\u2019un groupe de participants (g\u00e9n\u00e9ralement 6 \u00e0 8 personnes) ayant des r\u00f4les ou des pr\u00e9occupations similaires.<\/p>\n    <\/div>\n    <div class=\"process-step\" id=\"step-2\">\n        <div class=\"step-number\">2<\/div>\n        <h3>S\u00e9lection des Th\u00e9matiques<\/h3>\n        <p>Identification des probl\u00e9matiques, d\u00e9fis ou projets que chaque participant souhaite aborder. Chaque membre propose un sujet sur lequel il souhaite travailler.<\/p>\n    <\/div>\n    <div class=\"process-step\" id=\"step-3\">\n        <div class=\"step-number\">3<\/div>\n        <h3>Pr\u00e9sentation des Cas<\/h3>\n        <p>Chaque session de co-d\u00e9veloppement se concentre sur un cas propos\u00e9 par l\u2019un des participants (appel\u00e9 \u00ab client \u00bb du jour). Le client pr\u00e9sente son cas en d\u00e9tail au groupe.<\/p>\n    <\/div>\n    <div class=\"process-step\" id=\"step-4\">\n        <div class=\"step-number\">4<\/div>\n        <h3>Clarification<\/h3>\n        <p>Les autres membres du groupe (appel\u00e9s \u00ab consultants \u00bb) posent des questions au client pour bien comprendre la probl\u00e9matique et les enjeux.<\/p>\n    <\/div>\n    <div class=\"process-step\" id=\"step-5\">\n        <div class=\"step-number\">5<\/div>\n        <h3>Contractualisation<\/h3>\n        <p>Le client exprime clairement ses attentes vis-\u00e0-vis du groupe et ce qu\u2019il attend de la s\u00e9ance (par exemple, des id\u00e9es, des conseils, des pistes de solutions).<\/p>\n    <\/div>\n    <div class=\"process-step\" id=\"step-6\">\n        <div class=\"step-number\">6<\/div>\n        <h3>Consultation<\/h3>\n        <p>Les consultants partagent leurs r\u00e9flexions, suggestions, exp\u00e9riences et conseils en lien avec la probl\u00e9matique expos\u00e9e par le client. Cette \u00e9tape se fait sans interruption du client, qui \u00e9coute activement.<\/p>\n    <\/div>\n    <div class=\"process-step\" id=\"step-7\">\n        <div class=\"step-number\">7<\/div>\n        <h3>Synth\u00e8se et Plan d&rsquo;Action<\/h3>\n        <p>Le client fait la synth\u00e8se des id\u00e9es et des conseils re\u00e7us, puis \u00e9labore un plan d\u2019action. Il pr\u00e9cise ce qu\u2019il compte mettre en \u0153uvre et comment il va proc\u00e9der.<\/p>\n    <\/div>\n    <div class=\"process-step\" id=\"step-8\">\n        <div class=\"step-number\">8<\/div>\n        <h3>Retour d\u2019Exp\u00e9rience<\/h3>\n        <p>Lors de la s\u00e9ance suivante, le client fait un retour sur la mise en \u0153uvre de son plan d\u2019action et les r\u00e9sultats obtenus, partageant ainsi les apprentissages avec le groupe.<\/p>\n    <\/div>\n<\/div>\n\n<script>\n    document.addEventListener('DOMContentLoaded', function() {\n        let currentStep = 1;\n        const totalSteps = 8;\n\n        function highlightStep() {\n            \/\/ Reset all steps\n            for (let i = 1; i <= totalSteps; i++) {\n                document.getElementById('step-' + i).classList.remove('active');\n            }\n\n            \/\/ Highlight the current step\n            document.getElementById('step-' + currentStep).classList.add('active');\n\n            \/\/ Move to the next step after 3 seconds\n            currentStep++;\n            if (currentStep > totalSteps) {\n                currentStep = 1; \/\/ Reset to the first step\n            }\n\n            \/\/ Repeat the highlight every 3 seconds\n            setTimeout(highlightStep, 2500);\n        }\n\n        \/\/ Start the highlight process\n        highlightStep();\n    });\n<\/script>\n\n<\/body>\n<\/html>\n\n\n\n<p class=\"gutenify-section-48835db0-5ca6-11ef-accc-efaa5610e2a1 gtfy-31\"><\/p>\n\n\n\n<div class=\"wp-block-group alignfull has-foreground-color has-text-color has-background has-link-color gutenify-section-506ecd20-5ca6-11ef-accc-efaa5610e2a1 wp-elements-2085491ed355698ebc34120867d78ee5 is-layout-constrained wp-block-group-is-layout-constrained gtfy-43\" style=\"background-color:#1db460\">\n<p class=\"gutenify-section-488afed0-5ca6-11ef-accc-efaa5610e2a1 gtfy-34\"><strong>Quelques exemples de th\u00e9matiques en Co-dev:<\/strong><\/p>\n\n\n\n<ul class=\"wp-block-list gutenify-section-488e5a30-5ca6-11ef-accc-efaa5610e2a1 gtfy-42\">\n<li class=\"gutenify-section-488b7400-5ca6-11ef-accc-efaa5610e2a1 gtfy-35 gutenify-list-item\">Leadership et management d&rsquo;\u00e9quipe<\/li>\n\n\n\n<li class=\"gutenify-section-488be930-5ca6-11ef-accc-efaa5610e2a1 gtfy-36 gutenify-list-item\">Gestion du changement<\/li>\n\n\n\n<li class=\"gutenify-section-488c3750-5ca6-11ef-accc-efaa5610e2a1 gtfy-37 gutenify-list-item\">D\u00e9veloppement des comp\u00e9tences manag\u00e9riales<\/li>\n\n\n\n<li class=\"gutenify-section-488cac80-5ca6-11ef-accc-efaa5610e2a1 gtfy-38 gutenify-list-item\">Am\u00e9lioration de la communication&nbsp;<\/li>\n\n\n\n<li class=\"gutenify-section-488d21b0-5ca6-11ef-accc-efaa5610e2a1 gtfy-39 gutenify-list-item\">R\u00e9solution de conflits<\/li>\n\n\n\n<li class=\"gutenify-section-488d96e0-5ca6-11ef-accc-efaa5610e2a1 gtfy-40 gutenify-list-item\">Plan de carri\u00e8re et d\u00e9veloppement des talents<\/li>\n\n\n\n<li class=\"gutenify-section-488de500-5ca6-11ef-accc-efaa5610e2a1 gtfy-41 gutenify-list-item\">Gestion du stress et \u00e9quilibre vie professionnelle\/vie personnelle<\/li>\n<\/ul>\n<\/div>\n\n\n\n<p class=\"gutenify-section-488ecf60-5ca6-11ef-accc-efaa5610e2a1 gtfy-46\"><strong><em>Ces sessions permettront de :<\/em><\/strong><\/p>\n\n\n\n<ul class=\"wp-block-list gutenify-section-489007e0-5ca6-11ef-accc-efaa5610e2a1 gtfy-52\">\n<li class=\"gutenify-section-488f4490-5ca6-11ef-accc-efaa5610e2a1 gtfy-49 gutenify-list-item\"><em>Promouvoir une culture d\u2019apprentissage mutuel,<\/em><\/li>\n\n\n\n<li class=\"gutenify-section-488f92b0-5ca6-11ef-accc-efaa5610e2a1 gtfy-50 gutenify-list-item\"><em>Renforcer la cr\u00e9ativit\u00e9, la coh\u00e9sion et la collaboration<\/em><\/li>\n\n\n\n<li class=\"gutenify-section-9ec1c400-5ca6-11ef-accc-efaa5610e2a1 gtfy-51 gutenify-list-item\"><em>\u00catre dans l\u2019am\u00e9lioration continue d<\/em><em>es pratiques manag\u00e9riales<\/em><\/li>\n<\/ul>\n\n\n\n<div class=\"wp-block-essential-blocks-button  root-eb-button-wrlot gutenify-section-85e1cdb0-493f-11ef-9ae6-b5ca1798ff35 gtfy-55\"><div class=\"eb-parent-wrapper eb-parent-eb-button-wrlot eb_animation eb___animated eb___slideInUp\"><div class=\"eb-button-wrapper eb-button-alignment eb-button-wrlot\"><div class=\"eb-button\"><a class=\"eb-button-anchor\" href=\"https:\/\/lesaulerieur.com\/240-2\/\" rel=\"noopener\"><strong><strong>Contactez-nous<\/strong><\/strong><\/a><\/div><\/div><\/div><\/div>\n\n\n\n<p class=\"gutenify-section-8c6a5c20-5ca3-11ef-accc-efaa5610e2a1 gtfy-58\"><\/p>\n","protected":false},"excerpt":{"rendered":"<p>Nous utilisons la culture de l&rsquo;intelligence collective pour cr\u00e9er un terrain bienveillant et fertile, avec [&hellip;]<\/p>\n","protected":false},"author":1,"featured_media":0,"parent":0,"menu_order":0,"comment_status":"closed","ping_status":"closed","template":"","meta":{"_acf_changed":false,"_eb_attr":"","footnotes":""},"class_list":["post-691","page","type-page","status-publish","hentry"],"acf":[],"yoast_head":"<!-- This site is optimized with the Yoast SEO plugin v27.4 - https:\/\/yoast.com\/product\/yoast-seo-wordpress\/ -->\n<title>Amplifier l\u2019intelligence collective - Lesaulerieur<\/title>\n<meta name=\"robots\" content=\"index, follow, max-snippet:-1, max-image-preview:large, max-video-preview:-1\" \/>\n<link rel=\"canonical\" href=\"https:\/\/lesaulerieur.com\/fr\/amplifying-collective-intelligence\/\" \/>\n<meta property=\"og:locale\" content=\"fr_FR\" \/>\n<meta property=\"og:type\" content=\"article\" \/>\n<meta property=\"og:title\" content=\"Amplifier l\u2019intelligence collective - Lesaulerieur\" \/>\n<meta property=\"og:description\" content=\"Nous utilisons la culture de l&rsquo;intelligence collective pour cr\u00e9er un terrain bienveillant et fertile, avec [&hellip;]\" \/>\n<meta property=\"og:url\" content=\"https:\/\/lesaulerieur.com\/fr\/amplifying-collective-intelligence\/\" \/>\n<meta property=\"og:site_name\" content=\"Lesaulerieur\" \/>\n<meta property=\"article:modified_time\" content=\"2024-08-29T15:07:37+00:00\" \/>\n<meta name=\"twitter:card\" content=\"summary_large_image\" \/>\n<meta name=\"twitter:label1\" content=\"Dur\u00e9e de lecture estim\u00e9e\" \/>\n\t<meta name=\"twitter:data1\" content=\"2 minutes\" \/>\n<script type=\"application\/ld+json\" class=\"yoast-schema-graph\">{\"@context\":\"https:\\\/\\\/schema.org\",\"@graph\":[{\"@type\":\"WebPage\",\"@id\":\"https:\\\/\\\/lesaulerieur.com\\\/amplifying-collective-intelligence\\\/\",\"url\":\"https:\\\/\\\/lesaulerieur.com\\\/amplifying-collective-intelligence\\\/\",\"name\":\"Amplifier l\u2019intelligence collective - Lesaulerieur\",\"isPartOf\":{\"@id\":\"https:\\\/\\\/lesaulerieur.com\\\/fr\\\/#website\"},\"datePublished\":\"2024-08-17T14:21:40+00:00\",\"dateModified\":\"2024-08-29T15:07:37+00:00\",\"breadcrumb\":{\"@id\":\"https:\\\/\\\/lesaulerieur.com\\\/amplifying-collective-intelligence\\\/#breadcrumb\"},\"inLanguage\":\"fr-FR\",\"potentialAction\":[{\"@type\":\"ReadAction\",\"target\":[\"https:\\\/\\\/lesaulerieur.com\\\/amplifying-collective-intelligence\\\/\"]}]},{\"@type\":\"BreadcrumbList\",\"@id\":\"https:\\\/\\\/lesaulerieur.com\\\/amplifying-collective-intelligence\\\/#breadcrumb\",\"itemListElement\":[{\"@type\":\"ListItem\",\"position\":1,\"name\":\"Home\",\"item\":\"https:\\\/\\\/lesaulerieur.com\\\/\"},{\"@type\":\"ListItem\",\"position\":2,\"name\":\"Amplifier l\u2019intelligence collective\"}]},{\"@type\":\"WebSite\",\"@id\":\"https:\\\/\\\/lesaulerieur.com\\\/fr\\\/#website\",\"url\":\"https:\\\/\\\/lesaulerieur.com\\\/fr\\\/\",\"name\":\"Lesaulerieur\",\"description\":\"\",\"publisher\":{\"@id\":\"https:\\\/\\\/lesaulerieur.com\\\/fr\\\/#organization\"},\"potentialAction\":[{\"@type\":\"SearchAction\",\"target\":{\"@type\":\"EntryPoint\",\"urlTemplate\":\"https:\\\/\\\/lesaulerieur.com\\\/fr\\\/?s={search_term_string}\"},\"query-input\":{\"@type\":\"PropertyValueSpecification\",\"valueRequired\":true,\"valueName\":\"search_term_string\"}}],\"inLanguage\":\"fr-FR\"},{\"@type\":\"Organization\",\"@id\":\"https:\\\/\\\/lesaulerieur.com\\\/fr\\\/#organization\",\"name\":\"Lesaulerieur\",\"url\":\"https:\\\/\\\/lesaulerieur.com\\\/fr\\\/\",\"logo\":{\"@type\":\"ImageObject\",\"inLanguage\":\"fr-FR\",\"@id\":\"https:\\\/\\\/lesaulerieur.com\\\/fr\\\/#\\\/schema\\\/logo\\\/image\\\/\",\"url\":\"https:\\\/\\\/lesaulerieur.com\\\/wp-content\\\/uploads\\\/2026\\\/03\\\/exports-saule-rieur-transparent8-1.png\",\"contentUrl\":\"https:\\\/\\\/lesaulerieur.com\\\/wp-content\\\/uploads\\\/2026\\\/03\\\/exports-saule-rieur-transparent8-1.png\",\"width\":2480,\"height\":1240,\"caption\":\"Lesaulerieur\"},\"image\":{\"@id\":\"https:\\\/\\\/lesaulerieur.com\\\/fr\\\/#\\\/schema\\\/logo\\\/image\\\/\"},\"sameAs\":[\"https:\\\/\\\/www.linkedin.com\\\/in\\\/anita-cassagne-2625a62\\\/\"]}]}<\/script>\n<!-- \/ Yoast SEO plugin. -->","yoast_head_json":{"title":"Amplifier l\u2019intelligence collective - Lesaulerieur","robots":{"index":"index","follow":"follow","max-snippet":"max-snippet:-1","max-image-preview":"max-image-preview:large","max-video-preview":"max-video-preview:-1"},"canonical":"https:\/\/lesaulerieur.com\/fr\/amplifying-collective-intelligence\/","og_locale":"fr_FR","og_type":"article","og_title":"Amplifier l\u2019intelligence collective - Lesaulerieur","og_description":"Nous utilisons la culture de l&rsquo;intelligence collective pour cr\u00e9er un terrain bienveillant et fertile, avec [&hellip;]","og_url":"https:\/\/lesaulerieur.com\/fr\/amplifying-collective-intelligence\/","og_site_name":"Lesaulerieur","article_modified_time":"2024-08-29T15:07:37+00:00","twitter_card":"summary_large_image","twitter_misc":{"Dur\u00e9e de lecture estim\u00e9e":"2 minutes"},"schema":{"@context":"https:\/\/schema.org","@graph":[{"@type":"WebPage","@id":"https:\/\/lesaulerieur.com\/amplifying-collective-intelligence\/","url":"https:\/\/lesaulerieur.com\/amplifying-collective-intelligence\/","name":"Amplifier l\u2019intelligence collective - Lesaulerieur","isPartOf":{"@id":"https:\/\/lesaulerieur.com\/fr\/#website"},"datePublished":"2024-08-17T14:21:40+00:00","dateModified":"2024-08-29T15:07:37+00:00","breadcrumb":{"@id":"https:\/\/lesaulerieur.com\/amplifying-collective-intelligence\/#breadcrumb"},"inLanguage":"fr-FR","potentialAction":[{"@type":"ReadAction","target":["https:\/\/lesaulerieur.com\/amplifying-collective-intelligence\/"]}]},{"@type":"BreadcrumbList","@id":"https:\/\/lesaulerieur.com\/amplifying-collective-intelligence\/#breadcrumb","itemListElement":[{"@type":"ListItem","position":1,"name":"Home","item":"https:\/\/lesaulerieur.com\/"},{"@type":"ListItem","position":2,"name":"Amplifier l\u2019intelligence collective"}]},{"@type":"WebSite","@id":"https:\/\/lesaulerieur.com\/fr\/#website","url":"https:\/\/lesaulerieur.com\/fr\/","name":"Lesaulerieur","description":"","publisher":{"@id":"https:\/\/lesaulerieur.com\/fr\/#organization"},"potentialAction":[{"@type":"SearchAction","target":{"@type":"EntryPoint","urlTemplate":"https:\/\/lesaulerieur.com\/fr\/?s={search_term_string}"},"query-input":{"@type":"PropertyValueSpecification","valueRequired":true,"valueName":"search_term_string"}}],"inLanguage":"fr-FR"},{"@type":"Organization","@id":"https:\/\/lesaulerieur.com\/fr\/#organization","name":"Lesaulerieur","url":"https:\/\/lesaulerieur.com\/fr\/","logo":{"@type":"ImageObject","inLanguage":"fr-FR","@id":"https:\/\/lesaulerieur.com\/fr\/#\/schema\/logo\/image\/","url":"https:\/\/lesaulerieur.com\/wp-content\/uploads\/2026\/03\/exports-saule-rieur-transparent8-1.png","contentUrl":"https:\/\/lesaulerieur.com\/wp-content\/uploads\/2026\/03\/exports-saule-rieur-transparent8-1.png","width":2480,"height":1240,"caption":"Lesaulerieur"},"image":{"@id":"https:\/\/lesaulerieur.com\/fr\/#\/schema\/logo\/image\/"},"sameAs":["https:\/\/www.linkedin.com\/in\/anita-cassagne-2625a62\/"]}]}},"_links":{"self":[{"href":"https:\/\/lesaulerieur.com\/fr\/wp-json\/wp\/v2\/pages\/691","targetHints":{"allow":["GET"]}}],"collection":[{"href":"https:\/\/lesaulerieur.com\/fr\/wp-json\/wp\/v2\/pages"}],"about":[{"href":"https:\/\/lesaulerieur.com\/fr\/wp-json\/wp\/v2\/types\/page"}],"author":[{"embeddable":true,"href":"https:\/\/lesaulerieur.com\/fr\/wp-json\/wp\/v2\/users\/1"}],"replies":[{"embeddable":true,"href":"https:\/\/lesaulerieur.com\/fr\/wp-json\/wp\/v2\/comments?post=691"}],"version-history":[{"count":24,"href":"https:\/\/lesaulerieur.com\/fr\/wp-json\/wp\/v2\/pages\/691\/revisions"}],"predecessor-version":[{"id":904,"href":"https:\/\/lesaulerieur.com\/fr\/wp-json\/wp\/v2\/pages\/691\/revisions\/904"}],"wp:attachment":[{"href":"https:\/\/lesaulerieur.com\/fr\/wp-json\/wp\/v2\/media?parent=691"}],"curies":[{"name":"wp","href":"https:\/\/api.w.org\/{rel}","templated":true}]}}